{"id":1173,"date":"2022-03-28T20:54:24","date_gmt":"2022-03-28T20:54:24","guid":{"rendered":"https:\/\/www.i3a.uclm.es\/louise_w\/?page_id=1173"},"modified":"2022-03-28T20:54:38","modified_gmt":"2022-03-28T20:54:38","slug":"1173-2","status":"publish","type":"page","link":"https:\/\/www.i3a.uclm.es\/louise_w\/?page_id=1173","title":{"rendered":"Book Chapters"},"content":{"rendered":"<p>[et_pb_section fb_built=\u00bb1&#8243; _builder_version=\u00bb4.15&#8243; _module_preset=\u00bbe588ada1-9cc8-4bc6-99f6-724cd5ac40a8&#8243; global_colors_info=\u00bb{}\u00bb theme_builder_area=\u00bbpost_content\u00bb][et_pb_row _builder_version=\u00bb4.15&#8243; _module_preset=\u00bbdefault\u00bb global_colors_info=\u00bb{}\u00bb theme_builder_area=\u00bbpost_content\u00bb][et_pb_column type=\u00bb4_4&#8243; _builder_version=\u00bb4.15&#8243; _module_preset=\u00bbdefault\u00bb global_colors_info=\u00bb{}\u00bb theme_builder_area=\u00bbpost_content\u00bb][et_pb_post_title meta=\u00bboff\u00bb _builder_version=\u00bb4.15&#8243; _module_preset=\u00bbdefault\u00bb global_colors_info=\u00bb{}\u00bb theme_builder_area=\u00bbpost_content\u00bb][\/et_pb_post_title][\/et_pb_column][\/et_pb_row][et_pb_row _builder_version=\u00bb4.15.1&#8243; _module_preset=\u00bbdefault\u00bb global_colors_info=\u00bb{}\u00bb theme_builder_area=\u00bbpost_content\u00bb][et_pb_column type=\u00bb4_4&#8243; _builder_version=\u00bb4.15.1&#8243; _module_preset=\u00bbdefault\u00bb global_colors_info=\u00bb{}\u00bb theme_builder_area=\u00bbpost_content\u00bb][et_pb_text _builder_version=\u00bb4.15.1&#8243; _module_preset=\u00bbdefault\u00bb hover_enabled=\u00bb0&#8243; global_colors_info=\u00bb{}\u00bb theme_builder_area=\u00bbpost_content\u00bb sticky_enabled=\u00bb0&#8243;]<\/p>\n<p>Gonz\u00e1lez G., Molina J.P., Garc\u00eda A.S., Mart\u00ednez D., Gonz\u00e1lez P., Evaluation of text input techniques in immersive virtual environments, <a href=\"https:\/\/doi.org\/10.1007\/978-1-84882-352-5_11\">New Trends on Human-Computer Interaction: Research, Development, New Tools and Methods<\/a> (2009) :109-118<\/p>\n<p>Castillo J.C., Castro-Gonz\u00e1lez \u00c1., Alonso-Mart\u00edn F., Fern\u00e1ndez-Caballero A., Salichs M.\u00c1., Emotion detection and regulation from personal assistant robot in smart environment, <a href=\"https:\/\/doi.org\/10.1007\/978-3-319-62530-0_10\">Intelligent Systems Reference Library<\/a> (2018) 132:179-195<\/p>\n<p>Castillo J.C., Serrano-Cuerda J., Fern\u00e1ndez-Caballero A., Mart\u00ednez-Rodrigo A., Hierarchical architecture for robust people detection by fusion of infrared and visible video, <a href=\"https:\/\/doi.org\/10.1007\/978-3-319-25017-5_32\">Studies in Computational Intelligence<\/a> (2016) 616:343-351<\/p>\n<p>Montero F., Lozano M.D., Gonz\u00e1lez P., Usability-oriented quality model based on ergonomic criteria, <a href=\"https:\/\/doi.org\/10.4018\/978-1-59904-847-5.ch013\">Handbook of Research on Web Information Systems Quality<\/a> (2008) :220-233<\/p>\n<p>Roberts D.J., Fairchild A.J., Campion S., Garcia A.S., Bringing the client and therapist together in virtual reality telepresence exposure therapy, <a href=\"https:\/\/www.scopus.com\/inward\/record.uri?eid=2-s2.0-85034749894&#038;partnerID=40&#038;md5=61561b0860becf0ddc3867c9220657c2\">Virtual Reality: Recent Advances in Virtual Rehabilitation System Design<\/a> (2017) :123-137<\/p>\n<p>[\/et_pb_text][\/et_pb_column][\/et_pb_row][\/et_pb_section]<\/p>\n","protected":false},"excerpt":{"rendered":"<p>Gonz\u00e1lez G., Molina J.P., Garc\u00eda A.S., Mart\u00ednez D., Gonz\u00e1lez P., Evaluation of text input techniques in immersive virtual environments, New Trends on Human-Computer Interaction: Research, Development, New Tools and Methods (2009) :109-118 Castillo J.C., Castro-Gonz\u00e1lez \u00c1., Alonso-Mart\u00edn F., Fern\u00e1ndez-Caballero A., Salichs M.\u00c1., Emotion detection and regulation from personal assistant robot in smart environment, Intelligent Systems [&hellip;]<\/p>\n","protected":false},"author":1,"featured_media":0,"parent":0,"menu_order":0,"comment_status":"closed","ping_status":"closed","template":"","meta":{"_et_pb_use_builder":"on","_et_pb_old_content":"","_et_gb_content_width":"","footnotes":""},"class_list":["post-1173","page","type-page","status-publish","hentry"],"_links":{"self":[{"href":"https:\/\/www.i3a.uclm.es\/louise_w\/index.php?rest_route=\/wp\/v2\/pages\/1173","targetHints":{"allow":["GET"]}}],"collection":[{"href":"https:\/\/www.i3a.uclm.es\/louise_w\/index.php?rest_route=\/wp\/v2\/pages"}],"about":[{"href":"https:\/\/www.i3a.uclm.es\/louise_w\/index.php?rest_route=\/wp\/v2\/types\/page"}],"author":[{"embeddable":true,"href":"https:\/\/www.i3a.uclm.es\/louise_w\/index.php?rest_route=\/wp\/v2\/users\/1"}],"replies":[{"embeddable":true,"href":"https:\/\/www.i3a.uclm.es\/louise_w\/index.php?rest_route=%2Fwp%2Fv2%2Fcomments&post=1173"}],"version-history":[{"count":3,"href":"https:\/\/www.i3a.uclm.es\/louise_w\/index.php?rest_route=\/wp\/v2\/pages\/1173\/revisions"}],"predecessor-version":[{"id":1177,"href":"https:\/\/www.i3a.uclm.es\/louise_w\/index.php?rest_route=\/wp\/v2\/pages\/1173\/revisions\/1177"}],"wp:attachment":[{"href":"https:\/\/www.i3a.uclm.es\/louise_w\/index.php?rest_route=%2Fwp%2Fv2%2Fmedia&parent=1173"}],"curies":[{"name":"wp","href":"https:\/\/api.w.org\/{rel}","templated":true}]}}