{"id":1178,"date":"2022-03-28T21:01:07","date_gmt":"2022-03-28T21:01:07","guid":{"rendered":"https:\/\/www.i3a.uclm.es\/louise_w\/?page_id=1178"},"modified":"2022-03-28T21:24:43","modified_gmt":"2022-03-28T21:24:43","slug":"1178-2","status":"publish","type":"page","link":"https:\/\/www.i3a.uclm.es\/louise_w\/?page_id=1178","title":{"rendered":"Editorial"},"content":{"rendered":"<p>[et_pb_section fb_built=\u00bb1&#8243; _builder_version=\u00bb4.15&#8243; _module_preset=\u00bbe588ada1-9cc8-4bc6-99f6-724cd5ac40a8&#8243; global_colors_info=\u00bb{}\u00bb][et_pb_row _builder_version=\u00bb4.15&#8243; _module_preset=\u00bbdefault\u00bb global_colors_info=\u00bb{}\u00bb][et_pb_column type=\u00bb4_4&#8243; _builder_version=\u00bb4.15&#8243; _module_preset=\u00bbdefault\u00bb global_colors_info=\u00bb{}\u00bb][et_pb_post_title meta=\u00bboff\u00bb _builder_version=\u00bb4.15&#8243; _module_preset=\u00bbdefault\u00bb global_colors_info=\u00bb{}\u00bb][\/et_pb_post_title][\/et_pb_column][\/et_pb_row][et_pb_row _builder_version=\u00bb4.15.1&#8243; _module_preset=\u00bbdefault\u00bb global_colors_info=\u00bb{}\u00bb][et_pb_column type=\u00bb4_4&#8243; _builder_version=\u00bb4.15.1&#8243; _module_preset=\u00bbdefault\u00bb global_colors_info=\u00bb{}\u00bb][et_pb_text _builder_version=\u00bb4.15.1&#8243; _module_preset=\u00bbdefault\u00bb hover_enabled=\u00bb0&#8243; global_colors_info=\u00bb{}\u00bb sticky_enabled=\u00bb0&#8243;]<\/p>\n<p>Morales R., Fern\u00e1ndez-Caballero A., Somolinos J.A., Sira-Ram\u00edrez H., Integration of Sensors in Control and Automation Systems 2020, <a href=\"https:\/\/doi.org\/10.1155\/2022\/9765679\">Journal of Sensors<\/a> (2022) 2022<\/p>\n<p>Biffl S., Navarro E., L\u00f6we W., Sirjani M., Mirandolla R., Weyns D., Preface, <a href=\"https:\/\/www.scopus.com\/inward\/record.uri?eid=2-s2.0-85115122332&amp;partnerID=40&amp;md5=39f82531f0de276ab5b8487e1ba0ff76\">Lecture Notes in Computer Science (including subseries Lecture Notes in Artificial Intelligence and Lecture Notes in Bioinformatics)<\/a> (2021) 12857 LNCS<\/p>\n<p>Pereira A., Costa N., Fern\u00e1ndez-Caballero A., Special issue on body area networks, <a href=\"https:\/\/doi.org\/10.3390\/app10103540\">Applied Sciences (Switzerland)<\/a> (2020) 10(10)<\/p>\n<p>Silva C., de la Vara J.L., Ret preface, <a href=\"https:\/\/www.scopus.com\/inward\/record.uri?eid=2-s2.0-85092303737&amp;partnerID=40&amp;md5=cd3a61922286cec8ac97efa067f3958c\">23rd Iberoamerican Conference on Software Engineering, CIbSE 2020<\/a> (2020)<\/p>\n<p>Novais P., Lloret J., Chamoso P., Carneiro D., Navarro E., Omatu S., Preface, <a href=\"https:\/\/www.scopus.com\/inward\/record.uri?eid=2-s2.0-85068598567&amp;partnerID=40&amp;md5=cbca8f8c40eeb282cee550577f0fda85\">Advances in Intelligent Systems and Computing<\/a> (2020) 1006<\/p>\n<p>Fern\u00e1ndez-Caballero A., Miguel Latorre J., Mart\u00ednez-Rodrigo A., Rodriguez-Jimenez R., Hussain A., Editorial: Physiological Computing of Social Cognition, <a href=\"https:\/\/doi.org\/10.3389\/fnhum.2019.00326\">Frontiers in Human Neuroscience<\/a> (2019) 13<\/p>\n<p>Duchien L., Trubiani C., Scandariato R., Mirandola R., Martinez E.M.N., Weyns D., Koziolek A., Scandurra P., Quinton C., Companion proceedings of the 13th european conference on software architecture: ECSA 2019, <a href=\"https:\/\/www.scopus.com\/inward\/record.uri?eid=2-s2.0-85081977728&amp;partnerID=40&amp;md5=3361037bd460686d6a9300a9d0ce07ae\">ACM International Conference Proceeding Series<\/a> (2019) 2<\/p>\n<p>Navarro E., Weyns D., Introduction to the posters, tools, and demos track, <a href=\"https:\/\/www.scopus.com\/inward\/record.uri?eid=2-s2.0-85081952567&amp;partnerID=40&amp;md5=61154743ff44d11aa79aa12b7317314b\">ACM International Conference Proceeding Series<\/a> (2019) 2<\/p>\n<p>Rodr\u00edguez S., Prieto J., Faria P., K\u0142os S., Fern\u00e1ndez A., Mazuelas S., Jim\u00e9nez-L\u00f3pez M.D., Moreno M.N., Navarro E.M., Preface, <a href=\"https:\/\/www.scopus.com\/inward\/record.uri?eid=2-s2.0-85061705962&amp;partnerID=40&amp;md5=6a9dce078f7d62839a2833988d59f042\">Advances in Intelligent Systems and Computing<\/a> (2019) 801<\/p>\n<p>Novais P., Jung J.J., Villarrubia G., Fern\u00e1ndez-Caballero A., Navarro E., Gonz\u00e1lez P., Carneiro D., Pinto A., Campbell A.T., Duraes D., Preface, <a href=\"https:\/\/www.scopus.com\/inward\/record.uri?eid=2-s2.0-85056809776&amp;partnerID=40&amp;md5=978634af9ab04bb4a0ae424038f4f708\">Advances in Intelligent Systems and Computing<\/a> (2019) 806<\/p>\n<p>De la Prieta F., Omatu S., Fern\u00e1ndez-Caballero A., Preface, <a href=\"https:\/\/www.scopus.com\/inward\/record.uri?eid=2-s2.0-85050006712&amp;partnerID=40&amp;md5=4e2aa5c2cb41d6522a5501b1bef6392c\">Advances in Intelligent Systems and Computing<\/a> (2019) 800<\/p>\n<p>Fern\u00e1ndez-Caballero A., Gonz\u00e1lez P., L\u00f3pez M.T., Navarro E., Special issue on socio-cognitive and affective computing, <a href=\"https:\/\/doi.org\/10.3390\/app8081371\">Applied Sciences (Switzerland)<\/a> (2018) 8(8)<\/p>\n<p>Liu H., Deng C., Fern\u00e1ndez-Caballero A., Sun F., Multimodal fusion for robotics, <a href=\"https:\/\/doi.org\/10.1177\/1729881418782832\">International Journal of Advanced Robotic Systems<\/a> (2018) 15(3)<\/p>\n<p>Morales R., Somolinos J.A., Fern\u00e1ndez-Caballero A., Ferraresi C., Rehabilitation Robotics and Systems, <a href=\"https:\/\/doi.org\/10.1155\/2018\/5370127\">Journal of Healthcare Engineering<\/a> (2018) 2018<\/p>\n<p>Bajo J., Mart\u00ednez E.M.N., Preface, <a href=\"https:\/\/www.scopus.com\/inward\/record.uri?eid=2-s2.0-85049360378&amp;partnerID=40&amp;md5=879ce39007ea29da92dfe3eaece5c9ab\">Communications in Computer and Information Science<\/a> (2018) 887<\/p>\n<p>Morales R., Somolinos J.A., Ugalde-Loo C.E., Gaspar J., Robotics and Control Engineering of Wave and Tidal Energy-Recovering Systems, <a href=\"https:\/\/doi.org\/10.1155\/2018\/6594517\">Mathematical Problems in Engineering<\/a> (2018) 2018<\/p>\n<p>Fern\u00e1ndez-Caballero A., Gonz\u00e1lez P., Navarro E., Gerontechnologies \u2013 Current achievements and future trends, <a href=\"https:\/\/doi.org\/10.1111\/exsy.12203\">Expert Systems<\/a> (2017) 34(2)<\/p>\n<p>Fern\u00e1ndez-Caballero A., Gonz\u00e1lez P., Navarro E., Cook D., Special Issue \u2014 Pervasive Computing for Gerontechnology, <a href=\"https:\/\/doi.org\/10.1016\/j.pmcj.2016.12.004\">Pervasive and Mobile Computing<\/a> (2017) 34:1-2<\/p>\n<p>Morales-Herrera R., Fern\u00e1ndez-Caballero A., Somolinos J.A., Sira-Ram\u00edrez H., Integration of Sensors in Control and Automation Systems, <a href=\"https:\/\/doi.org\/10.1155\/2017\/6415876\">Journal of Sensors<\/a> (2017) 2017<\/p>\n<p>Fern\u00e1ndez-Caballero A., Ferr\u00e1ndez J.M., Biologically inspired vision systems in robotics, <a href=\"https:\/\/doi.org\/10.1177\/1729881417745947\">International Journal of Advanced Robotic Systems<\/a> (2017) 14(6)<\/p>\n<p>Brito I.S., De La Vara J.L., Preface, <a href=\"https:\/\/www.scopus.com\/inward\/record.uri?eid=2-s2.0-85026658120&amp;partnerID=40&amp;md5=c5d4d2d4ba9487def4d6df58c1067410\">CIbSE 2017 &#8211; XX Ibero-American Conference on Software Engineering<\/a> (2017)<\/p>\n<p>Garcia-Molina J., Moreira A., Brito I.S.S., De La Vara J.L., Genero M., Da Silva F.Q.B., Guizzardi R., Pastor O., Preface, <a href=\"https:\/\/www.scopus.com\/inward\/record.uri?eid=2-s2.0-85026630484&amp;partnerID=40&amp;md5=a2e83b465d5acbec8a30cb8af711f80b\">CIbSE 2017 &#8211; XX Ibero-American Conference on Software Engineering<\/a> (2017)<\/p>\n<p>Fern\u00e1ndez-Caballero A., Gonz\u00e1lez P., Navarro E., Cognitively-Inspired Computing for Gerontechnology, <a href=\"https:\/\/doi.org\/10.1007\/s12559-016-9392-x\">Cognitive Computation<\/a> (2016) 8(2):297-298<\/p>\n<p>Fern\u00e1ndez-Caballero A., Biologically inspired vision systems for flying robots &#8211; Editorial, <a href=\"https:\/\/doi.org\/10.5772\/62432\">International Journal of Advanced Robotic Systems<\/a> (2016) 13(1)<\/p>\n<p>Lindgren H., De Paz J.F., Novais P., Fern\u00e1ndez-Caballero A., Yoe H., Jimenez-Ram\u00edrez A., Villarrubia G., Preface, <a href=\"https:\/\/doi.org\/10.1007\/978-3-319-40114-0\">Advances in Intelligent Systems and Computing<\/a> (2016) 476<\/p>\n<p>Mohamed A., Novais P., Pereira A., Gonz\u00e1lez G.V., Fern\u00e1ndez-Caballero A., Preface, <a href=\"https:\/\/www.scopus.com\/inward\/record.uri?eid=2-s2.0-84937510008&amp;partnerID=40&amp;md5=bad959b296490c04ad30f8cbc15da128\">Advances in Intelligent Systems and Computing<\/a> (2015) 376<\/p>\n<p>Brito I.S., De La Vara J.L., Track3: Workshop on Requirements Engineering (WER2015) Preface, <a href=\"https:\/\/www.scopus.com\/inward\/record.uri?eid=2-s2.0-84936070584&amp;partnerID=40&amp;md5=2ce41cd35b18e7d249bfaf12b480f579\">CIBSE 2015 &#8211; XVIII Ibero-American Conference on Software Engineering<\/a> (2015) :517<\/p>\n<p>Navarro E., Fern\u00e1ndez-Caballero A., Mart\u00ednez-Tom\u00e1s R., Intelligent multisensory systems in support of information society, <a href=\"https:\/\/doi.org\/10.1080\/00207721.2014.844916\">International Journal of Systems Science<\/a> (2014) 45(4):711-713<\/p>\n<p>Mart\u00ednez-Tom\u00e1s R., Fern\u00e1ndez-Caballero A., Ferr\u00e1ndez J.M., Intelligent monitoring for people assistance and safety, <a href=\"https:\/\/doi.org\/10.1111\/exsy.12016\">Expert Systems<\/a> (2014) 31(4):343-344<\/p>\n<p>L\u00f3pez-Jaquero V., Vanderdonckt J., Preface to the special issue on Software Support for User Interface Description Languages (UIDL 2011), <a href=\"https:\/\/doi.org\/10.1016\/j.scico.2013.10.001\">Science of Computer Programming<\/a> (2014) 86:1-2<\/p>\n<p>Mar\u00edn B., Abran A., De La Vara J.L., Giachetti G., Message from the international workshop on Quality and Measurement of Software Model-Driven Developments (QUAMES) Chairs, <a href=\"https:\/\/doi.org\/10.1109\/QSIC.2013.12\">Proceedings of the International Symposium on the Physical and Failure Analysis of Integrated Circuits, IPFA<\/a> (2013) :21<\/p>\n<p>Sokolova M.V., Fern\u00e1ndez-Caballero A., Preface, <a href=\"https:\/\/www.scopus.com\/inward\/record.uri?eid=2-s2.0-84885616492&amp;partnerID=40&amp;md5=50ecb7f942894d54635b3bfd48d42df6\">Intelligent Systems Reference Library<\/a> (2012) 30<\/p>\n<p>Cord\u00f3n O., Fern\u00e1ndez-Caballero A., G\u00e1mez J.A., Hoffmann F., The impact of soft computing for the progress of artificial intelligence, <a href=\"https:\/\/doi.org\/10.1016\/j.asoc.2008.12.001\">Applied Soft Computing Journal<\/a> (2011) 11(2):1491-1492<\/p>\n<p>Fern\u00e1ndez-Caballero A., Contribution of fuzziness and uncertainty to modern artificial intelligence, <a href=\"https:\/\/doi.org\/10.1016\/j.fss.2008.05.002\">Fuzzy Sets and Systems<\/a> (2009) 160(2):129<\/p>\n<p>Fern\u00e1ndez-Caballero A., Mira J., Deco G., 50 years of artificial intelligence: A neuronal approach, <a href=\"https:\/\/doi.org\/10.1016\/j.neucom.2007.11.001\">Neurocomputing<\/a> (2008) 71(4-6):667-669<\/p>\n<p>Fern\u00e1ndez-Caballero A., Sanfeliu A., Shirai Y., Pattern recognition in interdisciplinary perception and intelligence, <a href=\"https:\/\/doi.org\/10.1016\/j.patrec.2008.01.023\">Pattern Recognition Letters<\/a> (2008) 29(8):1021-1023<\/p>\n<p>Casals A., Fern\u00e1ndez-Caballero A., Robotics and Autonomous Systems in the 50th Anniversary of Artificial Intelligence, <a href=\"https:\/\/doi.org\/10.1016\/j.robot.2007.09.003\">Robotics and Autonomous Systems<\/a> (2007) 55(12):837-839<\/p>\n<p>[\/et_pb_text][\/et_pb_column][\/et_pb_row][\/et_pb_section]<\/p>\n","protected":false},"excerpt":{"rendered":"<p>Morales R., Fern\u00e1ndez-Caballero A., Somolinos J.A., Sira-Ram\u00edrez H., Integration of Sensors in Control and Automation Systems 2020, Journal of Sensors (2022) 2022 Biffl S., Navarro E., L\u00f6we W., Sirjani M., Mirandolla R., Weyns D., Preface, Lecture Notes in Computer Science (including subseries Lecture Notes in Artificial Intelligence and Lecture Notes in Bioinformatics) (2021) 12857 LNCS [&hellip;]<\/p>\n","protected":false},"author":1,"featured_media":0,"parent":0,"menu_order":0,"comment_status":"closed","ping_status":"closed","template":"","meta":{"_et_pb_use_builder":"on","_et_pb_old_content":"","_et_gb_content_width":"","footnotes":""},"class_list":["post-1178","page","type-page","status-publish","hentry"],"_links":{"self":[{"href":"https:\/\/www.i3a.uclm.es\/louise_w\/index.php?rest_route=\/wp\/v2\/pages\/1178","targetHints":{"allow":["GET"]}}],"collection":[{"href":"https:\/\/www.i3a.uclm.es\/louise_w\/index.php?rest_route=\/wp\/v2\/pages"}],"about":[{"href":"https:\/\/www.i3a.uclm.es\/louise_w\/index.php?rest_route=\/wp\/v2\/types\/page"}],"author":[{"embeddable":true,"href":"https:\/\/www.i3a.uclm.es\/louise_w\/index.php?rest_route=\/wp\/v2\/users\/1"}],"replies":[{"embeddable":true,"href":"https:\/\/www.i3a.uclm.es\/louise_w\/index.php?rest_route=%2Fwp%2Fv2%2Fcomments&post=1178"}],"version-history":[{"count":5,"href":"https:\/\/www.i3a.uclm.es\/louise_w\/index.php?rest_route=\/wp\/v2\/pages\/1178\/revisions"}],"predecessor-version":[{"id":1189,"href":"https:\/\/www.i3a.uclm.es\/louise_w\/index.php?rest_route=\/wp\/v2\/pages\/1178\/revisions\/1189"}],"wp:attachment":[{"href":"https:\/\/www.i3a.uclm.es\/louise_w\/index.php?rest_route=%2Fwp%2Fv2%2Fmedia&parent=1178"}],"curies":[{"name":"wp","href":"https:\/\/api.w.org\/{rel}","templated":true}]}}