{"id":1205,"date":"2022-03-30T11:44:13","date_gmt":"2022-03-30T11:44:13","guid":{"rendered":"https:\/\/www.i3a.uclm.es\/louise_w\/?page_id=1205"},"modified":"2025-07-28T07:50:24","modified_gmt":"2025-07-28T07:50:24","slug":"1205-2","status":"publish","type":"page","link":"https:\/\/www.i3a.uclm.es\/louise_w\/?page_id=1205","title":{"rendered":"Former PhDs now at UCLM"},"content":{"rendered":"<p>[et_pb_section fb_built=\u00bb1&#8243; admin_label=\u00bbsection\u00bb _builder_version=\u00bb4.16&#8243; _module_preset=\u00bbe588ada1-9cc8-4bc6-99f6-724cd5ac40a8&#8243; global_colors_info=\u00bb{}\u00bb][et_pb_row admin_label=\u00bbrow\u00bb _builder_version=\u00bb4.16&#8243; background_size=\u00bbinitial\u00bb background_position=\u00bbtop_left\u00bb background_repeat=\u00bbrepeat\u00bb width=\u00bb73.8%\u00bb global_colors_info=\u00bb{}\u00bb][et_pb_column type=\u00bb4_4&#8243; _builder_version=\u00bb4.16&#8243; custom_padding=\u00bb|||\u00bb global_colors_info=\u00bb{}\u00bb custom_padding__hover=\u00bb|||\u00bb][et_pb_text admin_label=\u00bbText\u00bb _builder_version=\u00bb4.27.0&#8243; background_size=\u00bbinitial\u00bb background_position=\u00bbtop_left\u00bb background_repeat=\u00bbrepeat\u00bb global_colors_info=\u00bb{}\u00bb]<\/p>\n<h1>Former PhDs now at UCLM<\/h1>\n<p><strong><a href=\"https:\/\/orcid.org\/Beatriz Garc\u00eda-Mart\u00ednez\">Beatriz Garc\u00eda-Mart\u00ednez<\/a><\/strong><\/p>\n<blockquote>\n<p>Institution: Universidad de Castilla-La Mancha<br \/>Albacete, Spain<br \/>Thesis title: \u201cApplication Of Nonlinear Indices And Metrics For Emotions Recognition By Means Of A Dynamical Study Of Electroencephalographic Signals\u00bb<br \/>Date: December 2021<br \/>Advisors: Arturo Mart\u00ednez Rodrigo, Antonio Fern\u00e1ndez Caballero<\/p>\n<\/blockquote>\n<p><strong><a href=\"https:\/\/orcid.org\/0000-0002-6094-7197\">Lidia Mar\u00eda Belmonte Moreno <\/a><\/strong><\/p>\n<blockquote>\n<p>Institution: Universidad de Castilla-La Mancha<br \/>Albacete, Spain<br \/>Thesis title: \u00bb Control y navegaci\u00f3n de veh\u00edculos a\u00e9reos no tripulados basado en visi\u00f3n artificial para rob\u00f3tica asistencial\u00bb<br \/>Date: 2020<br \/>Advisors: Rafael Morales Herrera, Antonio Fern\u00e1ndez Caballero<\/p>\n<\/blockquote>\n<p><strong><a href=\"https:\/\/orcid.org\/0000-0002-5829-7690\">Alicia Fern\u00e1ndez Sotos<\/a><\/strong><\/p>\n<blockquote>\n<p>Institution: Universidad de Castilla-La Mancha<br \/>Albacete, Spain<br \/>Thesis title: \u201cPercepci\u00f3n de emociones en la m\u00fasica: un estudio de la influencia del par\u00e1metro musical \u00abduraci\u00f3n\u201d<br \/>Date: May 2017<br \/>Advisors: Jos\u00e9 Miguel Latorre Postigo, Antonio Fern\u00e1ndez Caballero<\/p>\n<\/blockquote>\n<p><strong><a href=\"https:\/\/www.dsi.uclm.es\/dpto\/personal.php?codpers=724&amp;curso=2007-08\">Arturo Sim\u00f3n Garc\u00eda Jim\u00e9nez<\/a><\/strong><\/p>\n<blockquote>\n<p>Institution: Universidad de Castilla-La Mancha<br \/>Albacete, Spain<br \/>Thesis title: \u201cEstudio y Mejoras de la Interacci\u00f3n en Entornos Virtuales Colaborativos\u201d<br \/>Date: January 2010<br \/>Advisors: Pascual Gonz\u00e1lez L\u00f3pez, Jos\u00e9 Pascual Molina Mass\u00f3<\/p>\n<\/blockquote>\n<p><strong><a href=\"https:\/\/www.dsi.uclm.es\/personal\/JosePascualMolina\/\">Jos\u00e9 Pascual Molina Masso<\/a><\/strong><\/p>\n<blockquote>\n<p>Institution: Universidad de Castilla-La Mancha<br \/>Albacete, Spain<br \/>Thesis title: \u201cUn Enfoque Estructurado para el Desarrollo de Interfaces de Usuario 3D\u201d<br \/>Date: February 2008<br \/>Advisor: Pascual Gonz\u00e1lez L\u00f3pez<\/p>\n<\/blockquote>\n<p><strong><a href=\"https:\/\/www.dsi.uclm.es\/personal\/FranciscoMSimarro\/\">Francisco Montero Simarro<\/a><\/strong><\/p>\n<blockquote>\n<p>Institution: Universidad de Castilla-La Mancha<br \/>Albacete, Spain<br \/>Thesis title: \u201cIntegraci\u00f3n de calidad y experiencia en el desarrollo de interfaces de usuario dirigido por modelo\u201d<br \/>Date: November 2005<br \/>Advisors: Mar\u00eda Dolores Lozano P\u00e9rez, Pascual Gonz\u00e1lez L\u00f3pez<\/p>\n<\/blockquote>\n<p><strong><a href=\"https:\/\/www.dsi.uclm.es\/personal\/VictorManuelLopez\/\">V\u00edctor L\u00f3pez Jaquero<\/a><\/strong><\/p>\n<blockquote>\n<p>Institution: Universidad de Castilla-La Mancha<br \/>Albacete, Spain<br \/>Thesis title: \u201cInterfaces de usuario adaptativas basadas en modelos y agentes software\u201d<br \/>Date: November 2005<br \/>Advisors: Pascual Gonz\u00e1lez L\u00f3pez, Antonio Fern\u00e1ndez Caballero<\/p>\n<\/blockquote>\n<p><strong><a href=\"https:\/\/etsiiab.uclm.es\/~jmlova\/index.php\">Jos\u00e9 Mar\u00eda L\u00f3pez Valles<\/a><\/strong><\/p>\n<blockquote>\n<p>Institution: Universidad de Castilla-La Mancha<br \/>Albacete, Spain<br \/>Thesis title: \u201cEstereopsis y Movimiento. Modelo de Disparidad de Carga: Un Enfoque con Inspiraci\u00f3n Biol\u00f3gica\u201d<br \/>Date: September 2004<br \/>Advisors: Miguel \u00c1ngel Fern\u00e1ndez Graciani, Antonio Fern\u00e1ndez Caballero<\/p>\n<\/blockquote>\n<p>&nbsp;<\/p>\n<p>[\/et_pb_text][\/et_pb_column][\/et_pb_row][\/et_pb_section]<\/p>\n","protected":false},"excerpt":{"rendered":"<p>Former PhDs now at UCLM Beatriz Garc\u00eda-Mart\u00ednez Institution: Universidad de Castilla-La ManchaAlbacete, SpainThesis title: \u201cApplication Of Nonlinear Indices And Metrics For Emotions Recognition By Means Of A Dynamical Study Of Electroencephalographic Signals\u00bbDate: December 2021Advisors: Arturo Mart\u00ednez Rodrigo, Antonio Fern\u00e1ndez Caballero Lidia Mar\u00eda Belmonte Moreno Institution: Universidad de Castilla-La ManchaAlbacete, SpainThesis title: \u00bb Control y navegaci\u00f3n [&hellip;]<\/p>\n","protected":false},"author":1,"featured_media":0,"parent":0,"menu_order":0,"comment_status":"closed","ping_status":"closed","template":"","meta":{"_et_pb_use_builder":"on","_et_pb_old_content":"","_et_gb_content_width":"","footnotes":""},"class_list":["post-1205","page","type-page","status-publish","hentry"],"_links":{"self":[{"href":"https:\/\/www.i3a.uclm.es\/louise_w\/index.php?rest_route=\/wp\/v2\/pages\/1205","targetHints":{"allow":["GET"]}}],"collection":[{"href":"https:\/\/www.i3a.uclm.es\/louise_w\/index.php?rest_route=\/wp\/v2\/pages"}],"about":[{"href":"https:\/\/www.i3a.uclm.es\/louise_w\/index.php?rest_route=\/wp\/v2\/types\/page"}],"author":[{"embeddable":true,"href":"https:\/\/www.i3a.uclm.es\/louise_w\/index.php?rest_route=\/wp\/v2\/users\/1"}],"replies":[{"embeddable":true,"href":"https:\/\/www.i3a.uclm.es\/louise_w\/index.php?rest_route=%2Fwp%2Fv2%2Fcomments&post=1205"}],"version-history":[{"count":8,"href":"https:\/\/www.i3a.uclm.es\/louise_w\/index.php?rest_route=\/wp\/v2\/pages\/1205\/revisions"}],"predecessor-version":[{"id":1756,"href":"https:\/\/www.i3a.uclm.es\/louise_w\/index.php?rest_route=\/wp\/v2\/pages\/1205\/revisions\/1756"}],"wp:attachment":[{"href":"https:\/\/www.i3a.uclm.es\/louise_w\/index.php?rest_route=%2Fwp%2Fv2%2Fmedia&parent=1205"}],"curies":[{"name":"wp","href":"https:\/\/api.w.org\/{rel}","templated":true}]}}