{"id":14,"date":"2020-05-13T17:12:30","date_gmt":"2020-05-13T17:12:30","guid":{"rendered":"https:\/\/www.i3a.uclm.es\/louise_w\/?page_id=14"},"modified":"2021-05-06T08:04:59","modified_gmt":"2021-05-06T08:04:59","slug":"contact","status":"publish","type":"page","link":"https:\/\/www.i3a.uclm.es\/louise_w\/?page_id=14","title":{"rendered":"Contact"},"content":{"rendered":"<p>[et_pb_section fb_built=\u00bb1&#8243; admin_label=\u00bbsection\u00bb _builder_version=\u00bb4.9.4&#8243; background_enable_color=\u00bboff\u00bb hover_enabled=\u00bb0&#8243; custom_margin=\u00bb0px||0px||false|false\u00bb custom_padding=\u00bb0px||0px||false|false\u00bb sticky_enabled=\u00bb0&#8243;][et_pb_row column_structure=\u00bb1_2,1_2&#8243; _builder_version=\u00bb4.9.4&#8243; _module_preset=\u00bb89b04822-0cd2-47b0-ac9b-cab9ddc9ec2b\u00bb background_color=\u00bb#990033&#8243; custom_margin=\u00bb0px||||false|false\u00bb][et_pb_column type=\u00bb1_2&#8243; _builder_version=\u00bb4.5.5&#8243; _module_preset=\u00bbdefault\u00bb hover_enabled=\u00bb0&#8243; sticky_enabled=\u00bb0&#8243;][et_pb_blurb title=\u00bbContact\u00bb use_icon=\u00bbon\u00bb font_icon=\u00bb%%249%%\u00bb icon_color=\u00bb#FFFFFF\u00bb use_icon_font_size=\u00bbon\u00bb icon_font_size=\u00bb79px\u00bb _builder_version=\u00bb4.9.4&#8243; _module_preset=\u00bbdefault\u00bb header_text_color=\u00bb#FFFFFF\u00bb body_text_color=\u00bb#FFFFFF\u00bb custom_padding=\u00bb34px||17px||false|false\u00bb hover_enabled=\u00bb0&#8243; sticky_enabled=\u00bb0&#8243;]<\/p>\n<p>Laboratory of User Interface and Software Engineering<\/p>\n<p>Instituto de Investigaci\u00f3n en Inform\u00e1tica<\/p>\n<p>Universidad de Castilla-La Mancha<\/p>\n<p>Campus Universitario de Albacete SN<br \/>(02071) Albacete, Spain<\/p>\n<p>Phone: +34967599200<\/p>\n<p>email: louise #at# dsi.uclm.es<\/p>\n<p>&nbsp;<\/p>\n<p>[\/et_pb_blurb][\/et_pb_column][et_pb_column type=\u00bb1_2&#8243; _builder_version=\u00bb4.9.4&#8243; _module_preset=\u00bbdefault\u00bb background_image=\u00bbhttps:\/\/www.i3a.uclm.es\/louise_w\/wp-content\/uploads\/mapa.png\u00bb][\/et_pb_column][\/et_pb_row][\/et_pb_section]<\/p>\n","protected":false},"excerpt":{"rendered":"<p>Laboratory of User Interface and Software Engineering Instituto de Investigaci\u00f3n en Inform\u00e1tica Universidad de Castilla-La Mancha Campus Universitario de Albacete SN(02071) Albacete, Spain Phone: +34967599200 email: louise #at# dsi.uclm.es &nbsp;<\/p>\n","protected":false},"author":1,"featured_media":0,"parent":0,"menu_order":0,"comment_status":"closed","ping_status":"closed","template":"","meta":{"_et_pb_use_builder":"on","_et_pb_old_content":"<!-- wp:paragraph -->\n<p>Esta es una p\u00e1gina con informaci\u00f3n de contacto b\u00e1sica, como la direcci\u00f3n y el n\u00famero de tel\u00e9fono. Incluso puedes probar un plugin para a\u00f1adir un formulario de contacto.<\/p>\n<!-- \/wp:paragraph -->","_et_gb_content_width":"","footnotes":""},"class_list":["post-14","page","type-page","status-publish","hentry"],"_links":{"self":[{"href":"https:\/\/www.i3a.uclm.es\/louise_w\/index.php?rest_route=\/wp\/v2\/pages\/14","targetHints":{"allow":["GET"]}}],"collection":[{"href":"https:\/\/www.i3a.uclm.es\/louise_w\/index.php?rest_route=\/wp\/v2\/pages"}],"about":[{"href":"https:\/\/www.i3a.uclm.es\/louise_w\/index.php?rest_route=\/wp\/v2\/types\/page"}],"author":[{"embeddable":true,"href":"https:\/\/www.i3a.uclm.es\/louise_w\/index.php?rest_route=\/wp\/v2\/users\/1"}],"replies":[{"embeddable":true,"href":"https:\/\/www.i3a.uclm.es\/louise_w\/index.php?rest_route=%2Fwp%2Fv2%2Fcomments&post=14"}],"version-history":[{"count":14,"href":"https:\/\/www.i3a.uclm.es\/louise_w\/index.php?rest_route=\/wp\/v2\/pages\/14\/revisions"}],"predecessor-version":[{"id":1026,"href":"https:\/\/www.i3a.uclm.es\/louise_w\/index.php?rest_route=\/wp\/v2\/pages\/14\/revisions\/1026"}],"wp:attachment":[{"href":"https:\/\/www.i3a.uclm.es\/louise_w\/index.php?rest_route=%2Fwp%2Fv2%2Fmedia&parent=14"}],"curies":[{"name":"wp","href":"https:\/\/api.w.org\/{rel}","templated":true}]}}