{"id":35,"date":"2020-05-13T18:23:03","date_gmt":"2020-05-13T18:23:03","guid":{"rendered":"https:\/\/www.i3a.uclm.es\/louise_w\/?page_id=35"},"modified":"2020-11-26T22:48:55","modified_gmt":"2020-11-26T22:48:55","slug":"collaborations","status":"publish","type":"page","link":"https:\/\/www.i3a.uclm.es\/louise_w\/?page_id=35","title":{"rendered":"Collaborations"},"content":{"rendered":"<p>[et_pb_section fb_built=\u00bb1&#8243; admin_label=\u00bbsection\u00bb _builder_version=\u00bb4.6.0&#8243; _module_preset=\u00bbe588ada1-9cc8-4bc6-99f6-724cd5ac40a8&#8243; custom_padding=\u00bb0px|1px|0px|1px|false|true\u00bb][et_pb_row _builder_version=\u00bb4.6.0&#8243; _module_preset=\u00bbdefault\u00bb custom_margin=\u00bb||||false|false\u00bb custom_padding=\u00bb||||false|false\u00bb][et_pb_column type=\u00bb4_4&#8243; _builder_version=\u00bb4.6.0&#8243; _module_preset=\u00bbdefault\u00bb][et_pb_post_title meta=\u00bboff\u00bb featured_image=\u00bboff\u00bb _builder_version=\u00bb4.6.0&#8243; _module_preset=\u00bbdefault\u00bb][\/et_pb_post_title][\/et_pb_column][\/et_pb_row][et_pb_row column_structure=\u00bb1_3,1_3,1_3&#8243; _builder_version=\u00bb4.6.0&#8243; _module_preset=\u00bbdefault\u00bb custom_margin=\u00bb||||false|false\u00bb custom_padding=\u00bb||||false|false\u00bb][et_pb_column type=\u00bb1_3&#8243; _builder_version=\u00bb4.6.0&#8243; _module_preset=\u00bbdefault\u00bb][et_pb_team_member name=\u00bbJavier Ja\u00e9n Mart\u00ednez\u00bb position=\u00bbFull Professor\u00bb image_url=\u00bbhttps:\/\/www.i3a.uclm.es\/louise_w\/wp-content\/uploads\/javier-jaen.jpg\u00bb _builder_version=\u00bb4.6.0&#8243; _module_preset=\u00bbdefault\u00bb link_option_url=\u00bbhttps:\/\/www.upv.es\/ficha-personal\/fjaen\u00bb link_option_url_new_window=\u00bbon\u00bb]Future Lab<br \/>\nUniversidad Polit\u00e9cnica de Valencia, Spain[\/et_pb_team_member][\/et_pb_column][et_pb_column type=\u00bb1_3&#8243; _builder_version=\u00bb4.6.0&#8243; _module_preset=\u00bbdefault\u00bb][et_pb_team_member name=\u00bb Paulo Novais\u00bb position=\u00bbFull Professor\u00bb image_url=\u00bbhttps:\/\/www.i3a.uclm.es\/louise_w\/wp-content\/uploads\/PNovais.jpg\u00bb _builder_version=\u00bb4.6.0&#8243; _module_preset=\u00bbdefault\u00bb link_option_url=\u00bbhttps:\/\/www4.di.uminho.pt\/~pjn\/index.php\u00bb link_option_url_new_window=\u00bbon\u00bb]Intelligent Systems Lab<br \/>\nUniversidade do Minho,Portugal[\/et_pb_team_member][\/et_pb_column][et_pb_column type=\u00bb1_3&#8243; _builder_version=\u00bb4.6.0&#8243; _module_preset=\u00bbdefault\u00bb][et_pb_team_member name=\u00bbDulce Romero Ayuso\u00bb position=\u00bbAssociate Professor\u00bb image_url=\u00bbhttps:\/\/www.i3a.uclm.es\/louise_w\/wp-content\/uploads\/dromeroayuso.jpeg\u00bb _builder_version=\u00bb4.6.0&#8243; _module_preset=\u00bbdefault\u00bb link_option_url=\u00bbhttps:\/\/www.lifia.info.unlp.edu.ar\/personal\/gustavo-rossi\/\u00bb link_option_url_new_window=\u00bbon\u00bb]Departamento de Fisioterapia<br \/>\nUniversidad de Granada, Spain[\/et_pb_team_member][\/et_pb_column][\/et_pb_row][et_pb_row column_structure=\u00bb1_3,1_3,1_3&#8243; _builder_version=\u00bb4.6.0&#8243; _module_preset=\u00bbdefault\u00bb custom_margin=\u00bb||||false|false\u00bb custom_padding=\u00bb||||false|false\u00bb][et_pb_column type=\u00bb1_3&#8243; _builder_version=\u00bb4.6.0&#8243; _module_preset=\u00bbdefault\u00bb][et_pb_team_member name=\u00bbGustavo Rossi\u00bb position=\u00bbFull Professor\u00bb image_url=\u00bbhttps:\/\/www.i3a.uclm.es\/louise_w\/wp-content\/uploads\/GustavoRossi.gif\u00bb _builder_version=\u00bb4.6.0&#8243; _module_preset=\u00bbdefault\u00bb link_option_url=\u00bbhttps:\/\/www.lifia.info.unlp.edu.ar\/personal\/gustavo-rossi\/\u00bb link_option_url_new_window=\u00bbon\u00bb]Laboratorio de Investigaci\u00f3n y Formaci\u00f3n en Inform\u00e1tica Avanzada (LIFIA)<br \/>\nUniversidad Nacional de la Plata, Argentina[\/et_pb_team_member][\/et_pb_column][et_pb_column type=\u00bb1_3&#8243; _builder_version=\u00bb4.6.0&#8243; _module_preset=\u00bbdefault\u00bb][et_pb_team_member name=\u00bb Jean Vanderdonckt\u00bb position=\u00bbFull Professor\u00bb image_url=\u00bbhttps:\/\/www.i3a.uclm.es\/louise_w\/wp-content\/uploads\/JeanVanderdonckt.png\u00bb _builder_version=\u00bb4.6.0&#8243; _module_preset=\u00bbdefault\u00bb link_option_url=\u00bbhttps:\/\/uclouvain.be\/fr\/repertoires\/jean.vanderdonckt\u00bb link_option_url_new_window=\u00bbon\u00bb]Louvain Research Institute in Management and Organizations<br \/>\nUniversit\u00e9 Catholique de Louvain, Belgium[\/et_pb_team_member][\/et_pb_column][et_pb_column type=\u00bb1_3&#8243; _builder_version=\u00bb4.6.0&#8243; _module_preset=\u00bbdefault\u00bb][et_pb_team_member name=\u00bbUwe Zdun\u00bb position=\u00bbFull Professor\u00bb image_url=\u00bbhttps:\/\/www.i3a.uclm.es\/louise_w\/wp-content\/uploads\/uwezdun.jpg\u00bb _builder_version=\u00bb4.6.0&#8243; _module_preset=\u00bbdefault\u00bb link_option_url=\u00bbhttps:\/\/swa.cs.univie.ac.at\/team\/person\/38685\/\u00bb link_option_url_new_window=\u00bbon\u00bb]Software Architecture Group<br \/>\nUniversitat Wien[\/et_pb_team_member][\/et_pb_column][\/et_pb_row][\/et_pb_section]<\/p>\n","protected":false},"excerpt":{"rendered":"<p>Future Lab Universidad Polit\u00e9cnica de Valencia, SpainIntelligent Systems Lab Universidade do Minho,PortugalDepartamento de Fisioterapia Universidad de Granada, SpainLaboratorio de Investigaci\u00f3n y Formaci\u00f3n en Inform\u00e1tica Avanzada (LIFIA) Universidad Nacional de la Plata, ArgentinaLouvain Research Institute in Management and Organizations Universit\u00e9 Catholique de Louvain, BelgiumSoftware Architecture Group Universitat Wien<\/p>\n","protected":false},"author":1,"featured_media":0,"parent":0,"menu_order":0,"comment_status":"closed","ping_status":"closed","template":"","meta":{"_et_pb_use_builder":"on","_et_pb_old_content":"<!-- wp:paragraph -->\n<p><\/p>\n<!-- \/wp:paragraph -->\n\n<!-- wp:paragraph -->\n<p><a href=\"https:\/\/www.lifia.info.unlp.edu.ar\/personal\/gustavo-rossi\/\"><strong>Gustavo Rossi<\/strong><\/a>  (Laboratorio de Investigaci\u00f3n y Formaci\u00f3n en Inform\u00e1tica Avanzada -LIFIA- Universidad Nacional de la Plata, Argentina)<\/p>\n<!-- \/wp:paragraph -->\n\n<!-- wp:paragraph -->\n<p><strong><a href=\"https:\/\/swa.cs.univie.ac.at\/team\/person\/38685\/\">Uwe Zdun<\/a><\/strong> (Research Group Software Architecture - University of Vienna, Austria)<\/p>\n<!-- \/wp:paragraph -->\n\n<!-- wp:paragraph -->\n<p><strong><a href=\"https:\/\/uclouvain.be\/fr\/repertoires\/jean.vanderdonckt\">Jean\u00a0Vanderdonckt <\/a><\/strong>(Universit\u00e9 catholique de Louvain, Belgium)<\/p>\n<!-- \/wp:paragraph -->\n\n<!-- wp:paragraph -->\n<p><strong><a href=\"https:\/\/www4.di.uminho.pt\/~pjn\/index.php\">Paulo Novais<\/a><\/strong> ( Intelligent Systems Lab\u00a0- Universidade do Minho,Portugal)<\/p>\n<!-- \/wp:paragraph -->\n\n<!-- wp:paragraph -->\n<p><a href=\"https:\/\/www.upv.es\/ficha-personal\/fjaen\"><strong>Javier Ja\u00e9n Mart\u00ednez<\/strong><\/a> (Ingenier\u00eda del Software y Sistemas de Informaci\u00f3n - Universidad Polit\u00e9cnica de Valencia, Spain)<\/p>\n<!-- \/wp:paragraph -->","_et_gb_content_width":"","footnotes":""},"class_list":["post-35","page","type-page","status-publish","hentry"],"_links":{"self":[{"href":"https:\/\/www.i3a.uclm.es\/louise_w\/index.php?rest_route=\/wp\/v2\/pages\/35","targetHints":{"allow":["GET"]}}],"collection":[{"href":"https:\/\/www.i3a.uclm.es\/louise_w\/index.php?rest_route=\/wp\/v2\/pages"}],"about":[{"href":"https:\/\/www.i3a.uclm.es\/louise_w\/index.php?rest_route=\/wp\/v2\/types\/page"}],"author":[{"embeddable":true,"href":"https:\/\/www.i3a.uclm.es\/louise_w\/index.php?rest_route=\/wp\/v2\/users\/1"}],"replies":[{"embeddable":true,"href":"https:\/\/www.i3a.uclm.es\/louise_w\/index.php?rest_route=%2Fwp%2Fv2%2Fcomments&post=35"}],"version-history":[{"count":12,"href":"https:\/\/www.i3a.uclm.es\/louise_w\/index.php?rest_route=\/wp\/v2\/pages\/35\/revisions"}],"predecessor-version":[{"id":840,"href":"https:\/\/www.i3a.uclm.es\/louise_w\/index.php?rest_route=\/wp\/v2\/pages\/35\/revisions\/840"}],"wp:attachment":[{"href":"https:\/\/www.i3a.uclm.es\/louise_w\/index.php?rest_route=%2Fwp%2Fv2%2Fmedia&parent=35"}],"curies":[{"name":"wp","href":"https:\/\/api.w.org\/{rel}","templated":true}]}}