{"id":13,"date":"2016-04-15T10:06:17","date_gmt":"2016-04-15T10:06:17","guid":{"rendered":"http:\/\/www.i3a.uclm.es\/raap\/?page_id=13"},"modified":"2023-09-25T12:10:11","modified_gmt":"2023-09-25T11:10:11","slug":"projects","status":"publish","type":"page","link":"https:\/\/www.i3a.uclm.es\/raap\/?page_id=13","title":{"rendered":"Projects"},"content":{"rendered":"<ul>\n<li><a href=\"https:\/\/www.i3a.uclm.es\/raap\/?page_id=1628\">INVINOS<\/a><br \/>\n<span class=\"ui-provider ec bfu bfv bfw bfx bfy bfz bga bgb bgc bgd bge bgf bgg bgh bgi bgj bgk bgl bgm bgn bgo bgp bgq bgr bgs bgt bgu bgv bgw bgx bgy bgz bha bhb\" dir=\"ltr\">This project focuses on the development of a wine traceability system based on blockchain technology. Allowing both the consumer and the administration or the wine producer access to all information relating to the manufacture and storage of any bottle of wine.<\/span><\/li>\n<li><span style=\"color: #333333;\"><strong><a href=\"https:\/\/www.i3a.uclm.es\/raap\/?page_id=1507\">Development and improvement of HPC and datacenter applications, services and infrastructures<\/a><\/strong><br \/>\nThe global objective of the coordinated project is to develop innovative techniques for infrastructure, applications and services in Data Centers and Highly Distributed Systems.\u00a0The UCLM subproject will address part of this global objective at different scales focused on solving the current and future problems of the digital world mentioned above. These include tasks related to the\u00a0improvement of the other subsystems that make up the IT infrastructures, improvement of distributed computing and communication infrastructure and the development and\u00a0improvement of HPC and DC applications and services.<\/span><\/li>\n<li><strong><a href=\"https:\/\/www.i3a.uclm.es\/raap\/?page_id=1137\">Innovative Technologies and Applications for Data Centres and High-Performance Computers<\/a><\/strong><br \/>\nThe overall objective of this coordinated project is to develop techniques to improve the scalability of these the servers of Data Centres in terms of performance and energy. Applications will also be developed that take advantage of these improvements.<\/li>\n<li><strong><a href=\"https:\/\/www.i3a.uclm.es\/raap\/?page_id=1431\">PEGASO: Performance-based Guided Approach\u00a0Solution<\/a><\/strong><br \/>\nThe project is focused on the development of efficient navigation systems both for traditional aircraft and unmanned aerial vehicles.<\/li>\n<li><strong><a href=\"https:\/\/www.i3a.uclm.es\/raap\/?page_id=1128\">TETRA: Efficient Techniques for Advanced Interconnect Technologies<\/a><\/strong><br \/>\nIn this project we propose developing techniques that, from different aspects of the network, improve the efficiency and exploitation of leading interconnection-network technologies, in order to allow the configuration of network infrastructures able to efficiently interconnect a higher number of computing and storage nodes<\/li>\n<li><strong><a href=\"https:\/\/www.i3a.uclm.es\/raap\/?page_id=1123\">Improvements of Video coding and distribution over Wi-Fi networks<\/a><br \/>\n<\/strong>This research project aims to address the challenge of improving the quality of service (QoS) in the encoding and transmission of multimedia content over wireless networks, taking into account the quality of experience (QoE) of the end user, and ensuring that the privacy, integrity and confidentiality of the transmitted data are guaranteed.<strong><br \/>\n<\/strong><\/li>\n<li><b><a href=\"https:\/\/www.i3a.uclm.es\/raap\/?page_id=1060\">Advanced Routing, Congestion Control and Quality-of-Service Mechanisms in HPC Fabrics such as Intel\u00ae Omnipath<\/a><br \/>\n<\/b>At a high-level, this research collaboration proposal will focus on two lines of work: 1. Develop new routing algorithms and congestion control mechanisms that will improve the predictability and performance of interconnection networks for key topologies. 2. Develop advanced mechanisms for Quality-of-Service (QoS), leveraging the architecture definition of the interconnection network, specifically targeting public Intel\u00ae Omnipath\u00ae features.<\/li>\n<li><strong style=\"color: #666666;\">Code is Loading Project (Erasmus+)<br \/>\n<\/strong><span style=\"color: #666666;\">With this project an international online sharing platform will be established. Various programming language terms, resources, videos, visuals and various teaching materials will be provided in this platform for those who want to learn coding-programming. Partners: Bursa \u0130l Milli E\u011fitim M\u00fcd\u00fcrl\u00fc\u011f\u00fc (Bursa Provincial Directorate Of National Education- Bursa MEM, Turkey), Ali Osman S\u00f6nmez Mesleki ve Teknik Anadolu Lisesi (Ali Osman S\u00f6nmez Vocational and Technical High School \u2013 AOS MTAL, Turkey), Liceo Scienze Umane &#8220;E.Gianturco&#8221; (Italy), B\u00e1lint M\u00e1rton \u00c1ltal\u00e1nos \u00e9s K\u00f6z\u00e9piskola (BM\u00c1KI, Hungary), Universidad De Castilla &#8211; La Mancha (UCLM, Spain), Europa Training (UK) Ltd , Centrum Edukacyjne EST (EST, Poland), Agrupamento De Escolas Domingos Sequeir (AAEDS\/CCEMS, Portugal) \u00a0\u00a0URL:<\/span><a href=\"http:\/\/codeisloading.com\/\">http:\/\/codeisloading.com\/<\/a><\/li>\n<li><strong style=\"color: #666666;\"><a href=\"http:\/\/www.i3a.uclm.es\/raap\/?page_id=723\">Techniques to improve the architecture of servers, applications and services.<\/a><br \/>\n<\/strong>We develop research on chip-multicore architecture and on-chip networks, aiming at increasing performance, reducing power consumption, increasing reliability by means of providing fault-tolerance support, increasing flexibility through virtualization techniques, and reducing silicon area.<\/li>\n<li><a href=\"http:\/\/www.i3a.uclm.es\/raap\/?page_id=89\"><strong>Increasing on-chip network efficiency for improving the performance of chip multiprocessors supporting simultaneous parallel applications (2014-2017).<\/strong><\/a><br \/>\nWe propose new techniques to improve network performance, thereby also improving the performance of individual applications when they simultaneously run in chip multiprocessor.<\/li>\n<li><strong style=\"color: #666666;\"><a href=\"http:\/\/www.i3a.uclm.es\/raap\/?page_id=763\">Ecosense I, Smart Energy Management System based on Wireless Sensor and Actuators Networks.<\/a><br \/>\n<\/strong>Deployment of a wireless sensor network in the I3A to collect control, security and environmental indoor data. The result was the implementation of a real testbed, the I3ASensorBed, to test our applications and protocols easily.<\/li>\n<li><a href=\"http:\/\/ecosenseiot.wordpres.com\" target=\"_blank\" rel=\"noopener noreferrer\"><strong>Ecosense II, Smart Energy Management System based on Wireless Sensor and Actuators Networks.<\/strong><\/a><br \/>\nEcosense II expects to implement an heterogeneous network to manage smart objects for different IoT applications using innovative communications standards (Bluetooth Low Energy, LoRa, ZigBee, WiFi, etc.).<\/li>\n<li><a href=\"http:\/\/www.wearablemethodology.eu\" target=\"_blank\" rel=\"noopener noreferrer\"><strong>Wearable methodology project (Erasmus+)<\/strong><\/a><br \/>\nNew methodology based on the use of innovative technologies for education. Partners: Anton Diaz School and the University of Castilla La Mancha (Spain), St. Kliment Ohridski School (Bulgaria), and\u00a0 Zorani\u0107 Petar Nin School (Croatia).<\/li>\n<\/ul>\n","protected":false},"excerpt":{"rendered":"<p>INVINOS This project focuses on the development of a wine traceability system based on blockchain technology. Allowing both the consumer and the administration or the wine producer access to all information relating to the manufacture and storage of any bottle of wine. Development and improvement of HPC and datacenter applications, services and infrastructures The global objective of the coordinated project is to develop innovative techniques for infrastructure, applications and services in Data Centers and Highly Distributed Systems.\u00a0The UCLM subproject will address part of this global objective at different scales focused&hellip;<\/p>\n","protected":false},"author":1,"featured_media":0,"parent":0,"menu_order":0,"comment_status":"closed","ping_status":"closed","template":"","meta":{"footnotes":""},"class_list":["post-13","page","type-page","status-publish","hentry"],"_links":{"self":[{"href":"https:\/\/www.i3a.uclm.es\/raap\/index.php?rest_route=\/wp\/v2\/pages\/13","targetHints":{"allow":["GET"]}}],"collection":[{"href":"https:\/\/www.i3a.uclm.es\/raap\/index.php?rest_route=\/wp\/v2\/pages"}],"about":[{"href":"https:\/\/www.i3a.uclm.es\/raap\/index.php?rest_route=\/wp\/v2\/types\/page"}],"author":[{"embeddable":true,"href":"https:\/\/www.i3a.uclm.es\/raap\/index.php?rest_route=\/wp\/v2\/users\/1"}],"replies":[{"embeddable":true,"href":"https:\/\/www.i3a.uclm.es\/raap\/index.php?rest_route=%2Fwp%2Fv2%2Fcomments&post=13"}],"version-history":[{"count":41,"href":"https:\/\/www.i3a.uclm.es\/raap\/index.php?rest_route=\/wp\/v2\/pages\/13\/revisions"}],"predecessor-version":[{"id":1630,"href":"https:\/\/www.i3a.uclm.es\/raap\/index.php?rest_route=\/wp\/v2\/pages\/13\/revisions\/1630"}],"wp:attachment":[{"href":"https:\/\/www.i3a.uclm.es\/raap\/index.php?rest_route=%2Fwp%2Fv2%2Fmedia&parent=13"}],"curies":[{"name":"wp","href":"https:\/\/api.w.org\/{rel}","templated":true}]}}