{"id":132,"date":"2016-04-29T11:18:06","date_gmt":"2016-04-29T10:18:06","guid":{"rendered":"http:\/\/www.i3a.uclm.es\/raap\/?page_id=132"},"modified":"2018-05-10T07:51:59","modified_gmt":"2018-05-10T06:51:59","slug":"6-2","status":"publish","type":"page","link":"https:\/\/www.i3a.uclm.es\/raap\/?page_id=132","title":{"rendered":"Joint collaborative video coding between H.264\/AVC, HEVC and their extensions"},"content":{"rendered":"<p class=\"p1\" style=\"text-align: justify;\">Nowadays, H.264 or Advance Video Coding (AVC)\u00a0is\u00a0the most widely used video compression standard for High\u00a0Definition (HD) video coding in general, and for 3D HD\u00a0in particular, for which its Multiview Video Coding<span class=\"Apple-converted-space\">\u00a0 <\/span>(MVC)\u00a0extension is used. However, in April 2015 the 3<span class=\"s2\">rd\u00a0<\/span>edition of the High Efficiency Video Coding<span class=\"Apple-converted-space\">\u00a0 <\/span>(HEVC) standard was completed with four important extensions. One of them, Scalable HEVC (SHVC), is a\u00a0powerful tool when dealing with either changing network conditions or devices\u00a0with different capabilities since video sequences encoded with this extension\u00a0of the HEVC standard can easily be adapted to the changing requirements. This new scalability allows the base and the enhancement\u00a0layers to be encoded in different standards. This is usually implemented\u00a0by combining an H.264\/AVC stream for the base layer and HEVC streams for\u00a0the other layers.<\/p>\n<p class=\"p1\" style=\"text-align: justify;\"><img loading=\"lazy\" decoding=\"async\" class=\"wp-image-520 aligncenter\" src=\"http:\/\/www.i3a.uclm.es\/raap\/wp-content\/uploads\/2016\/04\/Captura-de-pantalla-2016-07-31-a-las-13.41.59-300x128.png\" alt=\"Captura de pantalla 2016-07-31 a las 13.41.59\" width=\"534\" height=\"228\" srcset=\"https:\/\/www.i3a.uclm.es\/raap\/wp-content\/uploads\/2016\/04\/Captura-de-pantalla-2016-07-31-a-las-13.41.59-300x128.png 300w, https:\/\/www.i3a.uclm.es\/raap\/wp-content\/uploads\/2016\/04\/Captura-de-pantalla-2016-07-31-a-las-13.41.59-768x328.png 768w, https:\/\/www.i3a.uclm.es\/raap\/wp-content\/uploads\/2016\/04\/Captura-de-pantalla-2016-07-31-a-las-13.41.59-1024x437.png 1024w\" sizes=\"auto, (max-width: 534px) 100vw, 534px\" \/><\/p>\n<div class=\"page\" style=\"text-align: left;\" title=\"Page 6\">\n<div class=\"page\" title=\"Page 6\"><\/div>\n<div class=\"page\" title=\"Page 6\"><span style=\"font-size: 14pt;\">Topics:<\/span><\/div>\n<div class=\"page\" title=\"Page 6\"><\/div>\n<ul>\n<li class=\"page\" title=\"Page 6\">\n<p class=\"p1\">Hybrid Scalable H.264\/AVC and HEVC\u00a0Encoder<\/p>\n<\/li>\n<li class=\"page\" title=\"Page 6\">\n<p class=\"p1\">Hybrid Architecture of a Multiview H.264\/AVC\u00a0and HEVC<\/p>\n<\/li>\n<\/ul>\n<\/div>\n<p style=\"text-align: left;\"><span style=\"font-size: 14pt;\">Relevant Publications:<\/span><\/p>\n<ul style=\"text-align: left;\">\n<li style=\"text-align: justify;\">A. J. Diaz-Honrubia, J. De Praeter, G. Van Wallendael, J. L. Martinez, P. Cuenca, J. M. Puerta and J. A. Gamez.<br \/>\n<strong>CTU Splitting Algorithm for H.264\/AVC and HEVC Simultaneous Encoding.<\/strong><br \/>\nThe Journal of Supercomputing, ISSN: 1573-0484, ONLINE, February, 2016<\/li>\n<li style=\"text-align: justify;\">A. J. Diaz-Honrubia,\u00a0 J. De Praeter, J. L. Martinez, P. Cuenca and G. Van Wallendael.<br \/>\n<strong>Reducing the Complexity of a Multiview H.264\/AVC and HEVC Hybrid Architecture.<\/strong><br \/>\nJournal of VLSI Signal Processing Systems for Signal, Image, and Video Technology. ISSN: 1939-8018, ONLINE, June, 2016<\/li>\n<li style=\"text-align: justify;\">Antonio Jes\u00fas D\u00edaz-Honrubia, Jos\u00e9 Luis Mart\u00ednez and Pedro Cuenca.<br \/>\n<strong>A Fast Hybrid Scalable H.264\/AVC and HEVC Encoder.<\/strong><br \/>\nThe Journal of Supercomputing, ISSN: 1573-0484, ONLINE, June, 2016.<\/li>\n<\/ul>\n<p><span style=\"font-size: 14pt;\">Relevant Projects:<\/span><\/p>\n<ul>\n<li><strong><a href=\"http:\/\/www.i3a.uclm.es\/raap\/?page_id=723\">Techniques to improve the architecture of servers, applications and services.<br \/>\n<\/a><\/strong>We develop research on chip-multicore architecture and on-chip networks, aiming at increasing performance, reducing power consumption, increasing reliability by means of providing fault-tolerance support, increasing flexibility through virtualization techniques, and reducing silicon area.<\/li>\n<\/ul>\n<p style=\"text-align: left;\"><span style=\"font-size: 14pt;\">People:<\/span><\/p>\n<table>\n<tbody>\n<tr style=\"height: 6px;\">\n<td style=\"width: 110px; text-align: left; vertical-align: top;\"><img loading=\"lazy\" decoding=\"async\" class=\"alignnone size-full wp-image-831\" src=\"http:\/\/www.i3a.uclm.es\/raap\/wp-content\/uploads\/2018\/05\/Pedro_Cuenca-e1525934843212.jpg\" alt=\"\" width=\"116\" height=\"150\" \/><\/td>\n<td style=\"text-align: left; vertical-align: middle;\"><span style=\"font-size: 12pt;\"><strong>Pedro Angel Cuenca Castillo, PhD<\/strong><\/span><br \/>\n<span style=\"font-size: 12pt;\">Full Professor<\/span><br \/>\n<span style=\"font-size: 12pt;\">Phone number: +34 967 599 200 &#8211; Ext. 2692<\/span><br \/>\n<span style=\"font-size: 12pt;\">Email: <a href=\"mailto:Pedro.Cuenca@uclm.es\">Pedro.Cuenca@uclm.es<\/a>\u00a0<a href=\"http:\/\/orcid.org\/0000-0002-2791-0165\" target=\"_blank\" rel=\"noopener noreferrer\"><img loading=\"lazy\" decoding=\"async\" class=\"alignnone wp-image-393\" src=\"http:\/\/www.i3a.uclm.es\/raap\/wp-content\/uploads\/2016\/04\/iD-icon.png\" alt=\"iD icon\" width=\"16\" height=\"16\" \/><\/a>\u00a0<a href=\"http:\/\/dblp.uni-trier.de\/pers\/hd\/c\/Cuenca:Pedro\" target=\"_blank\" rel=\"noopener noreferrer\"><img loading=\"lazy\" decoding=\"async\" class=\"alignnone size-full wp-image-400\" src=\"http:\/\/www.i3a.uclm.es\/raap\/wp-content\/uploads\/2016\/05\/dblp.icon_.18x18.png\" alt=\"dblp.icon.18x18\" width=\"18\" height=\"18\" \/><\/a><\/span><\/td>\n<\/tr>\n<tr style=\"height: 24px;\">\n<td style=\"width: 110px; text-align: left; vertical-align: top;\">\u00a0<img loading=\"lazy\" decoding=\"async\" class=\"alignnone size-full wp-image-163\" src=\"http:\/\/www.i3a.uclm.es\/raap\/wp-content\/uploads\/2016\/05\/Pepelu.jpg\" alt=\"Pepelu\" width=\"100\" height=\"150\" \/><\/td>\n<td style=\"text-align: left; vertical-align: middle;\"><span style=\"font-size: 12pt;\"><strong>Jose Luis Martinez, PhD<\/strong><\/span><br \/>\n<span style=\"font-size: 12pt;\">Assistant Professor<\/span><br \/>\n<span style=\"font-size: 12pt;\">Phone number:\u00a0+34 967 599 200 &#8211; Ext.\u00a02294<\/span><br \/>\n<span style=\"font-size: 12pt;\">Email:\u00a0<a href=\"mailto:joseluis.martinez@uclm.es\">joseluis.martinez@uclm.es<\/a>\u00a0<a href=\"http:\/\/orcid.org\/0000-0001-5119-2418\" target=\"_blank\" rel=\"noopener noreferrer\"><img loading=\"lazy\" decoding=\"async\" class=\"alignnone wp-image-393\" src=\"http:\/\/www.i3a.uclm.es\/raap\/wp-content\/uploads\/2016\/04\/iD-icon.png\" alt=\"iD icon\" width=\"16\" height=\"16\" \/><\/a>\u00a0<a href=\"http:\/\/dblp.uni-trier.de\/pers\/hd\/m\/Mart=iacute=nez:Jos=eacute=_Luis\" target=\"_blank\" rel=\"noopener noreferrer\"><img loading=\"lazy\" decoding=\"async\" class=\"alignnone size-full wp-image-400\" src=\"http:\/\/www.i3a.uclm.es\/raap\/wp-content\/uploads\/2016\/05\/dblp.icon_.18x18.png\" alt=\"dblp.icon.18x18\" width=\"18\" height=\"18\" \/><\/a><\/span><\/td>\n<\/tr>\n<\/tbody>\n<\/table>\n","protected":false},"excerpt":{"rendered":"<p>Nowadays, H.264 or Advance Video Coding (AVC)\u00a0is\u00a0the most widely used video compression standard for High\u00a0Definition (HD) video coding in general, and for 3D HD\u00a0in particular, for which its Multiview Video Coding\u00a0 (MVC)\u00a0extension is used. However, in April 2015 the 3rd\u00a0edition of the High Efficiency Video Coding\u00a0 (HEVC) standard was completed with four important extensions. One of them, Scalable HEVC (SHVC), is a\u00a0powerful tool when dealing with either changing network conditions or devices\u00a0with different capabilities since video sequences encoded with this extension\u00a0of the HEVC standard can easily be adapted to the&hellip;<\/p>\n","protected":false},"author":1,"featured_media":0,"parent":23,"menu_order":0,"comment_status":"closed","ping_status":"closed","template":"","meta":{"footnotes":""},"class_list":["post-132","page","type-page","status-publish","hentry"],"_links":{"self":[{"href":"https:\/\/www.i3a.uclm.es\/raap\/index.php?rest_route=\/wp\/v2\/pages\/132","targetHints":{"allow":["GET"]}}],"collection":[{"href":"https:\/\/www.i3a.uclm.es\/raap\/index.php?rest_route=\/wp\/v2\/pages"}],"about":[{"href":"https:\/\/www.i3a.uclm.es\/raap\/index.php?rest_route=\/wp\/v2\/types\/page"}],"author":[{"embeddable":true,"href":"https:\/\/www.i3a.uclm.es\/raap\/index.php?rest_route=\/wp\/v2\/users\/1"}],"replies":[{"embeddable":true,"href":"https:\/\/www.i3a.uclm.es\/raap\/index.php?rest_route=%2Fwp%2Fv2%2Fcomments&post=132"}],"version-history":[{"count":16,"href":"https:\/\/www.i3a.uclm.es\/raap\/index.php?rest_route=\/wp\/v2\/pages\/132\/revisions"}],"predecessor-version":[{"id":833,"href":"https:\/\/www.i3a.uclm.es\/raap\/index.php?rest_route=\/wp\/v2\/pages\/132\/revisions\/833"}],"up":[{"embeddable":true,"href":"https:\/\/www.i3a.uclm.es\/raap\/index.php?rest_route=\/wp\/v2\/pages\/23"}],"wp:attachment":[{"href":"https:\/\/www.i3a.uclm.es\/raap\/index.php?rest_route=%2Fwp%2Fv2%2Fmedia&parent=132"}],"curies":[{"name":"wp","href":"https:\/\/api.w.org\/{rel}","templated":true}]}}