{"id":134,"date":"2016-04-29T11:18:43","date_gmt":"2016-04-29T10:18:43","guid":{"rendered":"http:\/\/www.i3a.uclm.es\/raap\/?page_id=134"},"modified":"2025-12-10T12:41:54","modified_gmt":"2025-12-10T11:41:54","slug":"7-2","status":"publish","type":"page","link":"https:\/\/www.i3a.uclm.es\/raap\/?page_id=134","title":{"rendered":"Improvement of LPWAN networks based on the Internet of Things (IoT) and integration with satellite communication"},"content":{"rendered":"<p style=\"font-weight: 400;\">Topics:<\/p>\n<ul>\n<li>Wireless Sensor Networks (protocols, architectures and end applications).<\/li>\n<li>Heterogeneous IoT Networks for management of Smart Spaces.<\/li>\n<li>Urban and rural applications of Industrial IoT.<\/li>\n<li>Improvements to LPWAN communication standards.<\/li>\n<li>Low-power end-to-end IoT deployments with constrained hardware resources.<\/li>\n<li>LPWAN for mobile networks oriented to Direct-to-Satellite IoT (DtS-IoT).<\/li>\n<\/ul>\n<p style=\"font-weight: 400;\"><strong>Relevant publications<\/strong>:<\/p>\n<ul>\n<li>J. J. Aira, <b>T. Olivares<\/b>, F. M. Delicado. <b>DriftGLY: A Low-Cost IoT-Based Ecosystem for Monitoring Agrochemical Spray Drifts. <\/b>IEEE Transactions on Instrumentation and Measurement, 2024. Q1.<\/li>\n<li>C. Garrido-Hidalgo, L. Roda-Sanchez, A. Fern\u00e1ndez-Caballero, <b><u>T. Olivares<\/u><\/b>, F.J. Ram\u00edrez. <b>Internet-of-Things Framework for Scalable end-of-life Condition Monitoring in Remanufacturing, <\/b>Integrated Computer-Aided Engineering (ICAE), 2024. Q1.<\/li>\n<li>J. J. Aira, <b><u>T. Olivares<\/u><\/b>, Francisco M. Delicado y Dar\u00edo Vezanni, <b>MosquIoT: A System Based on IoT and Machine Learning for the Monitoring of Aedes aegypti (Diptera: Culicidae), <\/b>Transactions on Instrumentation and Measurement, 2023. Q1..<\/li>\n<li>C. Garrido-Hidalgo, L. Roda-Sanchez, F. J. Ram\u00edrez, A. Fern\u00e1ndez, <b><u>T. Olivares<\/u><\/b>, <b><a id=\"OWAa68d518f-d6e1-f15f-e18c-650e09a00c93\" class=\"OWAAutoLink\" href=\"https:\/\/www.sciencedirect.com\/science\/article\/pii\/S138912862200559X\">Efficient online resource allocation in large-scale LoRaWAN networks: A multi-agent approach<\/a>, <\/b>Computer Networks, 2023. Q1.<\/li>\n<li>Garrido-Hidalgo, C., Haxhibeqiri, J., Moons, B., Hoebeke, J., Olivares, T., Ramirez, F. J., &amp; Fern\u00e1ndez-Caballero, A. (2021). <strong>LoRaWAN scheduling: From concept to implementation<\/strong>.\u00a0<em>IEEE Internet of Things Journal<\/em>,\u00a0<em>8<\/em>(16), 12919-12933.<\/li>\n<li>Roda-Sanchez, L., Cirillo, F., Solmaz, G., Jacobs, T., Garrido-Hidalgo, C., Olivares, T., &amp; Kovacs, E. (2023). <strong>Building a smart campus digital twin: system, analytics and lessons learned from a real-world project<\/strong>.\u00a0<em>IEEE Internet of Things Journal<\/em>.<\/li>\n<li>Roda-Sanchez, L., Garrido-Hidalgo, C., Royo, F., Mat\u00e9-G\u00f3mez, J. L., Olivares, T., &amp; Fern\u00e1ndez-Caballero, A. (2023). <strong>Cloud\u2013edge microservices architecture and service orchestration: An integral solution for a real-world deployment experience<\/strong>.\u00a0<em>Internet of Things<\/em>,\u00a0<em>22<\/em>, 100777.<\/li>\n<li>Garrido-Hidalgo, C., Olivares, T., Ramirez, F. J., &amp; Roda-Sanchez, L. (2019). <strong>An end-to-end Internet of Things solution for reverse supply chain management in Industry 4.0<\/strong>.\u00a0<em>Computers in Industry<\/em>,\u00a0<em>112<\/em>, 103127.<\/li>\n<li>Hortelano, D., Olivares, T., Ruiz, M. C., Garrido-Hidalgo, C., &amp; L\u00f3pez, V. (2017). <strong>From sensor networks to Internet of Things. Bluetooth Low Energy, a standard for this evolution<\/strong>.\u00a0<em>Sensors<\/em>,\u00a0<em>17<\/em>(2), 372.<\/li>\n<\/ul>\n<p style=\"text-align: left;\"><span style=\"font-size: 14pt;\">People:<\/span><\/p>\n<table>\n<tbody>\n<tr>\n<td style=\"width: 100px; text-align: left; vertical-align: top;\"><img loading=\"lazy\" decoding=\"async\" class=\"alignnone wp-image-366 size-full\" src=\"http:\/\/www.i3a.uclm.es\/raap\/wp-content\/uploads\/2016\/04\/OlivaresTeresa.png\" width=\"100\" height=\"150\" \/><\/td>\n<td style=\"text-align: left; vertical-align: middle;\"><strong>Dr. Teresa Olivares<\/strong><br \/>\n<span style=\"font-size: 12pt;\">Head of the group<\/span><br \/>\n<span style=\"font-size: 12pt;\">Full Professor<br \/>\n<\/span><span style=\"font-size: 12pt;\">Email:\u00a0<a href=\"mailto:Teresa.Olivares@uclm.es\">Teresa.Olivares@uclm.es<\/a>\u00a0<a href=\"http:\/\/orcid.org\/0000-0001-9512-2745\" target=\"_blank\" rel=\"noopener noreferrer\"><img loading=\"lazy\" decoding=\"async\" class=\"alignnone wp-image-393\" src=\"http:\/\/www.i3a.uclm.es\/raap\/wp-content\/uploads\/2016\/04\/iD-icon.png\" alt=\"iD icon\" width=\"16\" height=\"16\" \/><\/a>\u00a0<a href=\"http:\/\/dblp.uni-trier.de\/pers\/hd\/o\/Olivares:Teresa\" target=\"_blank\" rel=\"noopener noreferrer\"><img loading=\"lazy\" decoding=\"async\" class=\"alignnone size-full wp-image-400\" src=\"http:\/\/www.i3a.uclm.es\/raap\/wp-content\/uploads\/2016\/05\/dblp.icon_.18x18.png\" alt=\"dblp.icon.18x18\" width=\"18\" height=\"18\" \/><\/a><br \/>\n<\/span><\/td>\n<\/tr>\n<tr>\n<td style=\"width: 100px; text-align: left; vertical-align: top;\"><img loading=\"lazy\" decoding=\"async\" class=\"alignnone size-full wp-image-1546\" src=\"https:\/\/www.i3a.uclm.es\/raap\/wp-content\/uploads\/2022\/11\/foto-raap.png\" alt=\"\" width=\"100\" height=\"150\" \/><\/td>\n<td style=\"text-align: left; vertical-align: middle;\"><strong>Celia Garrido Hidalgo, PhD<br \/>\n<\/strong>Assistant Professor<br \/>\nEmail: <a href=\"mailto:celia.garrido@uclm.es\">celia.garrido@uclm.es<\/a><a href=\"https:\/\/orcid.org\/0000-0003-3671-1552\" target=\"_blank\" rel=\"noopener noreferrer\"><img loading=\"lazy\" decoding=\"async\" class=\"alignnone wp-image-393 size-full\" src=\"https:\/\/www.i3a.uclm.es\/raap\/wp-content\/uploads\/2016\/04\/iD-icon.png\" alt=\"iD icon\" width=\"16\" height=\"16\" \/><\/a><a href=\"https:\/\/dblp.org\/pid\/179\/3257\" target=\"_blank\" rel=\"noopener noreferrer\"><img loading=\"lazy\" decoding=\"async\" class=\"alignnone wp-image-400 size-full\" src=\"https:\/\/www.i3a.uclm.es\/raap\/wp-content\/uploads\/2016\/05\/dblp.icon_.18x18.png\" alt=\"\" width=\"18\" height=\"18\" \/><\/a><\/td>\n<\/tr>\n<tr>\n<td style=\"width: 100px; text-align: left; vertical-align: top;\"><img loading=\"lazy\" decoding=\"async\" class=\"alignnone wp-image-1622 size-full\" src=\"https:\/\/www.i3a.uclm.es\/raap\/wp-content\/uploads\/2023\/09\/Luis_roda.png\" alt=\"\" width=\"100\" height=\"150\" \/><\/td>\n<td style=\"text-align: left; vertical-align: middle;\"><strong>Luis Roda Sanchez, PhD<br \/>\n<\/strong>Assistant Professor<br \/>\nEmail: <a href=\"mailto:Luis.Roda@uclm.es\">Luis.Roda@uclm.es<\/a>\u00a0\u00a0<a href=\"https:\/\/orcid.org\/0000-0002-8805-9060\" target=\"_blank\" rel=\"noopener noreferrer\"><img loading=\"lazy\" decoding=\"async\" class=\"alignnone wp-image-393 size-full\" src=\"https:\/\/www.i3a.uclm.es\/raap\/wp-content\/uploads\/2016\/04\/iD-icon.png\" alt=\"\" width=\"16\" height=\"16\" \/><\/a><a href=\"https:\/\/dblp.uni-trier.de\/pid\/221\/2149.html\" target=\"_blank\" rel=\"noopener noreferrer\"><img loading=\"lazy\" decoding=\"async\" class=\"alignnone wp-image-400 size-full\" src=\"https:\/\/www.i3a.uclm.es\/raap\/wp-content\/uploads\/2016\/05\/dblp.icon_.18x18.png\" alt=\"\" width=\"18\" height=\"18\" \/><\/a><\/td>\n<\/tr>\n<tr>\n<td><img loading=\"lazy\" decoding=\"async\" class=\"aligncenter size-full wp-image-1712\" src=\"https:\/\/www.i3a.uclm.es\/raap\/wp-content\/uploads\/2024\/09\/file.jpg\" alt=\"\" width=\"100\" height=\"150\" \/><\/td>\n<td style=\"text-align: left; vertical-align: middle;\">\n<p class=\"elementToProof\"><strong>Mar\u00eda de los \u00c1ngeles Amador Garrido<\/strong><br \/>\n<span class=\"TextRun SCXW256202418 BCX4\" lang=\"ES-ES\" xml:lang=\"ES-ES\" data-contrast=\"auto\"><span class=\"NormalTextRun SCXW256202418 BCX4\">PhD student<br \/>\nEmail: <a href=\"mailto:MariaAngeles.Amador@uclm.es\">MariaAngeles.Amador@uclm.es<\/a><a href=\"https:\/\/orcid.org\/0009-0003-9065-0858\" target=\"_blank\" rel=\"noopener\"><img loading=\"lazy\" decoding=\"async\" class=\"alignnone wp-image-393 size-full\" src=\"https:\/\/www.i3a.uclm.es\/raap\/wp-content\/uploads\/2016\/04\/iD-icon.png\" alt=\"\" width=\"16\" height=\"16\" \/><\/a><\/span><\/span><\/p>\n<p>&nbsp;<\/td>\n<\/tr>\n<tr>\n<td style=\"width: 100px; text-align: left; vertical-align: top;\"><img loading=\"lazy\" decoding=\"async\" class=\"aligncenter wp-image-1732 size-full\" src=\"https:\/\/www.i3a.uclm.es\/raap\/wp-content\/uploads\/2024\/11\/36552.jpg\" alt=\"\" width=\"100\" height=\"150\" \/><\/td>\n<td style=\"text-align: left; vertical-align: middle;\">\n<p class=\"elementToProof\"><strong>Elena Garrido Mart\u00ednez<\/strong><b><br \/>\n<\/b><span class=\"TextRun SCXW256202418 BCX4\" lang=\"ES-ES\" xml:lang=\"ES-ES\" data-contrast=\"auto\"><span class=\"NormalTextRun SCXW256202418 BCX4\"><span style=\"font-size: medium;\">Master student<\/span><br \/>\n<span style=\"font-size: medium;\">Email:<\/span> <a href=\"mailto:Elena.Garrido@uclm.es\">Elena.Garrido@uclm.es<\/a> <a href=\"https:\/\/orcid.org\/my-orcid?orcid=0009-0003-8269-1924\" target=\"_blank\" rel=\"noopener\"><img loading=\"lazy\" decoding=\"async\" class=\"alignnone wp-image-393 size-full\" src=\"https:\/\/www.i3a.uclm.es\/raap\/wp-content\/uploads\/2016\/04\/iD-icon.png\" alt=\"\" width=\"16\" height=\"16\" \/><\/a><br \/>\n<\/span><\/span><b><br \/>\n<\/b><\/p>\n<\/td>\n<\/tr>\n<\/tbody>\n<\/table>\n","protected":false},"excerpt":{"rendered":"<p>Topics: Wireless Sensor Networks (protocols, architectures and end applications). Heterogeneous IoT Networks for management of Smart Spaces. Urban and rural applications of Industrial IoT. Improvements to LPWAN communication standards. Low-power end-to-end IoT deployments with constrained hardware resources. LPWAN for mobile networks oriented to Direct-to-Satellite IoT (DtS-IoT). Relevant publications: J. J. Aira, T. Olivares, F. M. Delicado. DriftGLY: A Low-Cost IoT-Based Ecosystem for Monitoring Agrochemical Spray Drifts. IEEE Transactions on Instrumentation and Measurement, 2024. Q1. C. Garrido-Hidalgo, L. Roda-Sanchez, A. Fern\u00e1ndez-Caballero, T. Olivares, F.J. Ram\u00edrez. Internet-of-Things Framework for Scalable end-of-life Condition&hellip;<\/p>\n","protected":false},"author":1,"featured_media":0,"parent":25,"menu_order":0,"comment_status":"closed","ping_status":"closed","template":"","meta":{"footnotes":""},"class_list":["post-134","page","type-page","status-publish","hentry"],"_links":{"self":[{"href":"https:\/\/www.i3a.uclm.es\/raap\/index.php?rest_route=\/wp\/v2\/pages\/134","targetHints":{"allow":["GET"]}}],"collection":[{"href":"https:\/\/www.i3a.uclm.es\/raap\/index.php?rest_route=\/wp\/v2\/pages"}],"about":[{"href":"https:\/\/www.i3a.uclm.es\/raap\/index.php?rest_route=\/wp\/v2\/types\/page"}],"author":[{"embeddable":true,"href":"https:\/\/www.i3a.uclm.es\/raap\/index.php?rest_route=\/wp\/v2\/users\/1"}],"replies":[{"embeddable":true,"href":"https:\/\/www.i3a.uclm.es\/raap\/index.php?rest_route=%2Fwp%2Fv2%2Fcomments&post=134"}],"version-history":[{"count":33,"href":"https:\/\/www.i3a.uclm.es\/raap\/index.php?rest_route=\/wp\/v2\/pages\/134\/revisions"}],"predecessor-version":[{"id":1814,"href":"https:\/\/www.i3a.uclm.es\/raap\/index.php?rest_route=\/wp\/v2\/pages\/134\/revisions\/1814"}],"up":[{"embeddable":true,"href":"https:\/\/www.i3a.uclm.es\/raap\/index.php?rest_route=\/wp\/v2\/pages\/25"}],"wp:attachment":[{"href":"https:\/\/www.i3a.uclm.es\/raap\/index.php?rest_route=%2Fwp%2Fv2%2Fmedia&parent=134"}],"curies":[{"name":"wp","href":"https:\/\/api.w.org\/{rel}","templated":true}]}}