{"id":28,"date":"2016-04-29T11:29:02","date_gmt":"2016-04-29T10:29:02","guid":{"rendered":"http:\/\/www.i3a.uclm.es\/raap\/?page_id=28"},"modified":"2019-05-03T08:25:30","modified_gmt":"2019-05-03T07:25:30","slug":"interconnection-networks-for-high-performance-parallel-systems","status":"publish","type":"page","link":"https:\/\/www.i3a.uclm.es\/raap\/?page_id=28","title":{"rendered":"Interconnection Networks for High-Performance Parallel Systems"},"content":{"rendered":"<p style=\"text-align: left;\"><img loading=\"lazy\" decoding=\"async\" class=\"size-medium wp-image-54 alignright\" src=\"http:\/\/www.i3a.uclm.es\/raap\/wp-content\/uploads\/2016\/04\/Captura-de-pantalla-2016-04-19-a-las-11.25.14-224x300.png\" alt=\"Infiniband Network\" width=\"224\" height=\"300\" srcset=\"https:\/\/www.i3a.uclm.es\/raap\/wp-content\/uploads\/2016\/04\/Captura-de-pantalla-2016-04-19-a-las-11.25.14-224x300.png 224w, https:\/\/www.i3a.uclm.es\/raap\/wp-content\/uploads\/2016\/04\/Captura-de-pantalla-2016-04-19-a-las-11.25.14.png 349w\" sizes=\"auto, (max-width: 224px) 100vw, 224px\" \/>Interconnection networks are a key element in High-Performance Computing (HPC) Clusters and Datacenters\u00a0in the Exascale and Big-Data Era. They must offer high communication bandwidth and low latency to cope with the requirements of Applications, in order not to be the bottleneck of the entire HPC system. Actually, the path for designing the future\u00a0interconnect technology\u00a0has to face\u00a0challenges like scalability, efficiency, heterogeneity, resiliency, virtualization, cost and power consumption.<\/p>\n<p>The RAAP group has been carrying research in interconnection networks\u00a0<strong>for more than 15 years<\/strong>, achieving significant insights which have been published in relevant conferences and journals, and\u00a0incorporated\u00a0to commercial products as well.<\/p>\n<p style=\"text-align: left;\"><span style=\"font-size: 14pt;\"><br \/>\nTopics:<\/span><\/p>\n<div title=\"Page 6\">\n<ul>\n<li style=\"list-style-type: none;\">\n<ul>\n<li style=\"text-align: left;\" title=\"Page 6\">Efficient topologies and routing algorithms<\/li>\n<\/ul>\n<\/li>\n<\/ul>\n<ul>\n<li style=\"list-style-type: none;\">\n<ul>\n<li style=\"text-align: left;\" title=\"Page 6\">Simulation of high-performance systems<\/li>\n<\/ul>\n<\/li>\n<\/ul>\n<ul>\n<li style=\"list-style-type: none;\">\n<ul>\n<li style=\"text-align: left;\" title=\"Page 6\">Congestion management<\/li>\n<\/ul>\n<\/li>\n<\/ul>\n<ul>\n<li style=\"list-style-type: none;\">\n<ul>\n<li style=\"text-align: left;\" title=\"Page 6\">Quality of Service (QoS)<\/li>\n<\/ul>\n<\/li>\n<\/ul>\n<ul>\n<li style=\"text-align: left;\" title=\"Page 6\">Power consumption<\/li>\n<\/ul>\n<\/div>\n<p style=\"text-align: left;\"><span style=\"font-size: 14pt;\">Relevant Publications:<\/span><\/p>\n<ul style=\"text-align: left;\">\n<li style=\"list-style-type: none;\">\n<ul style=\"text-align: left;\">\n<li style=\"text-align: left;\">Jes\u00fas Escudero-Sahuquillo, Ernst Gunnar Gran, Pedro Javier Garc\u00eda, Jose Flich, Tor Skeie, Olav Lysne, Francisco J. Quiles, Jos\u00e9 Duato.<br \/>\n<strong>Efficient and Cost-Effective Hybrid Congestion Control for HPC Interconnection Networks.<\/strong><br \/>\nIEEE Trans. Parallel Distrib. Syst. 26(1): 107-119 (2015)<\/li>\n<\/ul>\n<\/li>\n<\/ul>\n<ul style=\"text-align: left;\">\n<li style=\"list-style-type: none;\">\n<ul style=\"text-align: left;\">\n<li style=\"text-align: left;\">Francisco J. Andujar-Munoz, Juan A. Villar-Ortiz, Jos\u00e9 L. S\u00e1nchez, Francisco Jos\u00e9 Alfaro, Jos\u00e9 Duato.<br \/>\n<strong>N-Dimensional Twin Torus Topology.<\/strong><br \/>\nIEEE Trans. Computers 64(10): 2847-2861 (2015)<\/li>\n<\/ul>\n<\/li>\n<\/ul>\n<ul style=\"text-align: left;\">\n<li style=\"list-style-type: none;\">\n<ul style=\"text-align: left;\">\n<li style=\"text-align: left;\">Francisco J. Andujar, Juan A. Villar, Jos\u00e9 L. S\u00e1nchez, Francisco J. Alfaro, Jos\u00e9 Duato.<br \/>\n<strong>Building 3D Torus Using Low-Profile Expansion Cards.<\/strong><br \/>\nIEEE Trans. Computers 63(11): 2701-2715 (2014)<\/li>\n<\/ul>\n<\/li>\n<\/ul>\n<ul style=\"text-align: left;\">\n<li style=\"text-align: left;\">Jes\u00fas Escudero-Sahuquillo, Pedro Javier Garc\u00eda, Francisco J. Quiles, Jose Flich, Jos\u00e9 Duato.<br \/>\n<strong>An Effective and Feasible Congestion Management Technique for High-Performance MINs with Tag-Based Distributed Routing.<\/strong><br \/>\nIEEE Trans. Parallel Distrib. Syst. 24(10): 1918-1929 (2013)<\/li>\n<\/ul>\n<p style=\"text-align: left;\"><span style=\"font-size: 14pt;\">Relevant Projects:<\/span><\/p>\n<ul style=\"text-align: left;\">\n<li><a href=\"http:\/\/www.i3a.uclm.es\/raap\/?page_id=89\"><strong>Increasing on-chip network efficiency for improving the performance of chip multiprocessors supporting simultaneous parallel applications (2014-2017).<\/strong><\/a><br \/>\nWe propose new techniques to improve network performance, thereby also improving the performance of individual applications when they simultaneously run in chip multiprocessors.<\/li>\n<li><strong><a href=\"http:\/\/www.i3a.uclm.es\/raap\/?page_id=723\">Techniques to improve the architecture of servers, applications and services.<br \/>\n<\/a><\/strong>We develop research on chip-multicore architecture and on-chip networks, aiming at increasing performance, reducing power consumption, increasing reliability by means of providing fault-tolerance support, increasing flexibility through virtualization techniques, and reducing silicon area.<\/li>\n<\/ul>\n<p style=\"text-align: left;\"><span style=\"font-size: 14pt;\">People:<\/span><\/p>\n<table class=\" alignleft\">\n<tbody>\n<tr style=\"height: 6px;\">\n<td style=\"text-align: left; vertical-align: middle;\"><img loading=\"lazy\" decoding=\"async\" class=\"alignnone wp-image-169 size-full\" src=\"http:\/\/www.i3a.uclm.es\/raap\/wp-content\/uploads\/2016\/05\/Paco-Quiles.jpg\" width=\"100\" height=\"150\" \/><\/td>\n<td style=\"text-align: left; vertical-align: middle;\"><strong>Francisco J. Quiles, PhD<\/strong><br \/>\nHead of the group<br \/>\nFull Professor<br \/>\nPhone number:\u00a0+34 967 599 200 &#8211; Ext. 2466<br \/>\nEmail:\u00a0<a href=\"mailto:Francisco.Quiles@uclm.es\">Francisco.Quiles@uclm.es<\/a>\u00a0<a href=\"http:\/\/orcid.org\/0000-0002-8966-6225\" target=\"_blank\" rel=\"noopener noreferrer\"><img loading=\"lazy\" decoding=\"async\" class=\"alignnone wp-image-393\" src=\"http:\/\/www.i3a.uclm.es\/raap\/wp-content\/uploads\/2016\/04\/iD-icon.png\" alt=\"iD icon\" width=\"16\" height=\"16\" \/><\/a>\u00a0<a href=\"http:\/\/dblp.uni-trier.de\/pers\/hd\/q\/Quiles:Francisco_J=\" target=\"_blank\" rel=\"noopener noreferrer\"><img loading=\"lazy\" decoding=\"async\" class=\"alignnone size-full wp-image-400\" src=\"http:\/\/www.i3a.uclm.es\/raap\/wp-content\/uploads\/2016\/05\/dblp.icon_.18x18.png\" alt=\"dblp.icon.18x18\" width=\"18\" height=\"18\" \/><\/a><\/td>\n<\/tr>\n<tr style=\"height: 6px;\">\n<td style=\"text-align: left; vertical-align: middle;\"><img loading=\"lazy\" decoding=\"async\" class=\"alignnone wp-image-1095 size-full\" src=\"http:\/\/www.i3a.uclm.es\/raap\/wp-content\/uploads\/2019\/05\/jose_luis_sanchez-e1556868196403.jpeg\" alt=\"\" width=\"100\" height=\"150\" \/><\/td>\n<td style=\"text-align: left; vertical-align: middle;\"><strong>Jose Luis Sanchez, PhD<\/strong><br \/>\nFull Professor<br \/>\nPhone number:\u00a0+34 967 599 200 &#8211; Ext. 2439<br \/>\nEmail: <a href=\"mailto:Jose.SGarcia@uclm.es\">Jose.SGarcia@uclm.es<\/a>\u00a0<a href=\"http:\/\/orcid.org\/0000-0002-3498-9174\" target=\"_blank\" rel=\"noopener noreferrer\"><img loading=\"lazy\" decoding=\"async\" class=\"alignnone wp-image-393\" src=\"http:\/\/www.i3a.uclm.es\/raap\/wp-content\/uploads\/2016\/04\/iD-icon.png\" alt=\"iD icon\" width=\"16\" height=\"16\" \/><\/a>\u00a0<a href=\"http:\/\/dblp.uni-trier.de\/pers\/hd\/s\/S=aacute=nchez_0002:Jos=eacute=_L=\" target=\"_blank\" rel=\"noopener noreferrer\"><img loading=\"lazy\" decoding=\"async\" class=\"alignnone size-full wp-image-400\" src=\"http:\/\/www.i3a.uclm.es\/raap\/wp-content\/uploads\/2016\/05\/dblp.icon_.18x18.png\" alt=\"dblp.icon.18x18\" width=\"18\" height=\"18\" \/><\/a><\/td>\n<\/tr>\n<tr style=\"height: 6px;\">\n<td style=\"text-align: left; vertical-align: middle;\"><img loading=\"lazy\" decoding=\"async\" class=\"wp-image-60 size-full alignnone\" src=\"http:\/\/www.i3a.uclm.es\/raap\/wp-content\/uploads\/2016\/04\/falfaro-e1461060047398.jpg\" alt=\"Francisco J. Alfaro\" width=\"100\" height=\"150\" \/><\/td>\n<td style=\"text-align: left; vertical-align: middle;\"><strong>Francisco J. Alfaro, PhD<\/strong><br \/>\nAssociate Professor<br \/>\nPhone number:\u00a0+34 967 599 200 &#8211; Ext. 2490<br \/>\nEmail: <a href=\"mailto:Fco.Alfaro@uclm.es\">Fco.Alfaro@uclm.es<\/a>\u00a0<a href=\"http:\/\/orcid.org\/0000-0002-4430-4482\" target=\"_blank\" rel=\"noopener noreferrer\"><img loading=\"lazy\" decoding=\"async\" class=\"alignnone wp-image-393\" src=\"http:\/\/www.i3a.uclm.es\/raap\/wp-content\/uploads\/2016\/04\/iD-icon.png\" alt=\"iD icon\" width=\"16\" height=\"16\" \/><\/a>\u00a0<a href=\"http:\/\/dblp.uni-trier.de\/pers\/hd\/a\/Alfaro:Francisco_J=\" target=\"_blank\" rel=\"noopener noreferrer\"><img loading=\"lazy\" decoding=\"async\" class=\"alignnone size-full wp-image-400\" src=\"http:\/\/www.i3a.uclm.es\/raap\/wp-content\/uploads\/2016\/05\/dblp.icon_.18x18.png\" alt=\"dblp.icon.18x18\" width=\"18\" height=\"18\" \/><\/a><\/td>\n<\/tr>\n<tr style=\"height: 6px;\">\n<td style=\"text-align: left; vertical-align: middle;\"><span style=\"font-size: 12pt;\"><img loading=\"lazy\" decoding=\"async\" class=\"alignnone wp-image-408 size-full\" src=\"http:\/\/www.i3a.uclm.es\/raap\/wp-content\/uploads\/2016\/04\/Foto_PJGarcia_100_150.jpg\" width=\"100\" height=\"150\" \/><\/span><\/td>\n<td style=\"text-align: left; vertical-align: middle;\"><strong>Pedro Javier Garcia, PhD<\/strong><br \/>\nAssistant Professor<br \/>\nPhone number:\u00a0+34 967 599 200 &#8211; Ext. 2484<br \/>\nEmail:\u00a0<a href=\"mailto:PedroJavier.Garcia@uclm.es\">PedroJavier.Garcia@uclm.es<\/a>\u00a0<a href=\"http:\/\/orcid.org\/0000-0002-7350-6067\" target=\"_blank\" rel=\"noopener noreferrer\"><img loading=\"lazy\" decoding=\"async\" class=\"alignnone wp-image-393\" src=\"http:\/\/www.i3a.uclm.es\/raap\/wp-content\/uploads\/2016\/04\/iD-icon.png\" alt=\"iD icon\" width=\"16\" height=\"16\" \/><\/a>\u00a0<a href=\"http:\/\/dblp.uni-trier.de\/pers\/hd\/g\/Garc=iacute=a:Pedro_Javier\" target=\"_blank\" rel=\"noopener noreferrer\"><img loading=\"lazy\" decoding=\"async\" class=\"alignnone size-full wp-image-400\" src=\"http:\/\/www.i3a.uclm.es\/raap\/wp-content\/uploads\/2016\/05\/dblp.icon_.18x18.png\" alt=\"dblp.icon.18x18\" width=\"18\" height=\"18\" \/><\/a><\/td>\n<\/tr>\n<tr style=\"height: 6px;\">\n<td style=\"text-align: left; vertical-align: middle;\"><img loading=\"lazy\" decoding=\"async\" class=\"wp-image-64 size-full alignnone\" src=\"http:\/\/www.i3a.uclm.es\/raap\/wp-content\/uploads\/2016\/04\/03-En-el-lab_2-732x1024-e1461060749289.jpg\" alt=\"Jesus Escudero-Sahuquillo\" width=\"100\" height=\"150\" \/><\/td>\n<td style=\"text-align: left; vertical-align: middle;\"><strong>Jesus Escudero-Sahuquillo, PhD<\/strong><br \/>\nPostDoc Researcher<br \/>\nPhone number:\u00a0+34 967 599 200 &#8211; Ext. 2661<br \/>\nEmail:\u00a0<a href=\"mailto:Jesus.Escudero@uclm.es\">Jesus.Escudero@uclm.es<\/a>\u00a0<a href=\"http:\/\/orcid.org\/0000-0003-0835-8624\" target=\"_blank\" rel=\"noopener noreferrer\"><img loading=\"lazy\" decoding=\"async\" class=\"alignnone size-full wp-image-393\" src=\"http:\/\/www.i3a.uclm.es\/raap\/wp-content\/uploads\/2016\/04\/iD-icon.png\" alt=\"iD icon\" width=\"16\" height=\"16\" \/><\/a>\u00a0<a href=\"http:\/\/dblp.uni-trier.de\/pers\/hd\/e\/Escudero=Sahuquillo:Jes=uacute=s\" target=\"_blank\" rel=\"noopener noreferrer\"><img loading=\"lazy\" decoding=\"async\" class=\"alignnone wp-image-400 size-full\" src=\"http:\/\/www.i3a.uclm.es\/raap\/wp-content\/uploads\/2016\/05\/dblp.icon_.18x18.png\" width=\"18\" height=\"18\" \/><\/a><a href=\"mailto:Jesus.Escudero@uclm.es\"><br \/>\n<\/a><\/td>\n<\/tr>\n<tr style=\"height: 6px;\">\n<td style=\"text-align: left; vertical-align: middle;\">\u00a0<img loading=\"lazy\" decoding=\"async\" class=\"alignnone size-full wp-image-112\" src=\"http:\/\/www.i3a.uclm.es\/raap\/wp-content\/uploads\/2016\/04\/Villar.jpg\" alt=\"Juan A. Villar\" width=\"100\" height=\"150\" \/><\/td>\n<td style=\"text-align: left; vertical-align: middle;\"><strong>Juan A. Villar, PhD<\/strong><br \/>\nResearch Assistant<br \/>\nPhone number:\u00a0+34 967 599 200 &#8211; Ext. 2662<br \/>\nEmail: <a href=\"mailto:Juanantonio.Villar@uclm.es\">Juanantonio.Villar@uclm.es<\/a> <a href=\"http:\/\/dblp.uni-trier.de\/pers\/hd\/v\/Villar:Juan_A=\" target=\"_blank\" rel=\"noopener noreferrer\"><img loading=\"lazy\" decoding=\"async\" class=\"alignnone size-full wp-image-400\" src=\"http:\/\/www.i3a.uclm.es\/raap\/wp-content\/uploads\/2016\/05\/dblp.icon_.18x18.png\" alt=\"dblp.icon.18x18\" width=\"18\" height=\"18\" \/><\/a><a href=\"mailto:Juanantonio.Villar@uclm.es\"><br \/>\n<\/a><\/td>\n<\/tr>\n<tr style=\"height: 6px;\">\n<td style=\"text-align: left; vertical-align: middle;\">\u00a0<img loading=\"lazy\" decoding=\"async\" class=\"alignnone size-full wp-image-113\" src=\"http:\/\/www.i3a.uclm.es\/raap\/wp-content\/uploads\/2016\/04\/Andujar.jpg\" alt=\"Francisco Andujar\" width=\"100\" height=\"150\" \/><\/td>\n<td style=\"text-align: left; vertical-align: middle;\"><strong>Francisco J. Andujar-Mu\u00f1oz, PhD<\/strong><br \/>\nResearch Assistant<br \/>\nPhone number:\u00a0+34 967 599 200 &#8211; Ext. 2784<br \/>\nEmail: <a href=\"mailto:Franciscoj.Andujar@uclm.es\">Franciscoj.Andujar@uclm.es<\/a>\u00a0 <a href=\"http:\/\/orcid.org\/0000-0001-8884-7334\" target=\"_blank\" rel=\"noopener noreferrer\"><img loading=\"lazy\" decoding=\"async\" class=\"alignnone wp-image-393\" src=\"http:\/\/www.i3a.uclm.es\/raap\/wp-content\/uploads\/2016\/04\/iD-icon.png\" alt=\"iD icon\" width=\"16\" height=\"16\" \/><\/a>\u00a0<a href=\"http:\/\/dblp.uni-trier.de\/pers\/hd\/a\/Andujar:Francisco_J=\" target=\"_blank\" rel=\"noopener noreferrer\"><img loading=\"lazy\" decoding=\"async\" class=\"alignnone size-full wp-image-400\" src=\"http:\/\/www.i3a.uclm.es\/raap\/wp-content\/uploads\/2016\/05\/dblp.icon_.18x18.png\" alt=\"dblp.icon.18x18\" width=\"18\" height=\"18\" \/><\/a><a href=\"mailto:Franciscoj.Andujar@uclm.es\"><br \/>\n<\/a><\/td>\n<\/tr>\n<tr style=\"height: 6px;\">\n<td style=\"text-align: left; vertical-align: middle;\"><img loading=\"lazy\" decoding=\"async\" class=\"alignnone size-full wp-image-80\" src=\"http:\/\/www.i3a.uclm.es\/raap\/wp-content\/uploads\/2016\/04\/pedroyebenes.jpg\" alt=\"Pedro Yebenes\" width=\"100\" height=\"150\" \/><\/td>\n<td style=\"text-align: left; vertical-align: middle;\"><strong>Pedro\u00a0Yebenes-Segura<\/strong><br \/>\nResearch Assistant<br \/>\nPhone number:\u00a0+34 967 599 200 &#8211; Ext. 2641<br \/>\nEmail:\u00a0<a href=\"mailto:Pedro.Yebenes@uclm.es\">Pedro.Yebenes@uclm.es<\/a> <a href=\"http:\/\/dblp.uni-trier.de\/pers\/hd\/y\/Yebenes:Pedro\" target=\"_blank\" rel=\"noopener noreferrer\"><img loading=\"lazy\" decoding=\"async\" class=\"alignnone size-full wp-image-400\" src=\"http:\/\/www.i3a.uclm.es\/raap\/wp-content\/uploads\/2016\/05\/dblp.icon_.18x18.png\" alt=\"dblp.icon.18x18\" width=\"18\" height=\"18\" \/><\/a><\/td>\n<\/tr>\n<tr style=\"height: 6px;\">\n<td style=\"text-align: left; vertical-align: middle;\">\u00a0<img loading=\"lazy\" decoding=\"async\" class=\"alignnone size-full wp-image-115\" src=\"http:\/\/www.i3a.uclm.es\/raap\/wp-content\/uploads\/2016\/04\/german1.png\" alt=\"German Maglione\" width=\"100\" height=\"150\" \/><\/td>\n<td style=\"text-align: left; vertical-align: middle;\"><strong>German\u00a0Maglione-Mathey<\/strong><br \/>\nPhD student<br \/>\nPhone number:\u00a0+34 967 599 200 &#8211; Ext. 2657<br \/>\nEmail:<a href=\"mailto:german.maglione@dsi.uclm.es\"> german.maglione@dsi.uclm.es<\/a>\u00a0<a href=\"http:\/\/orcid.org\/0000-0002-4967-2268\" target=\"_blank\" rel=\"noopener noreferrer\"><img loading=\"lazy\" decoding=\"async\" class=\"alignnone wp-image-393\" src=\"http:\/\/www.i3a.uclm.es\/raap\/wp-content\/uploads\/2016\/04\/iD-icon.png\" alt=\"iD icon\" width=\"16\" height=\"16\" \/><\/a>\u00a0<a href=\"http:\/\/dblp.uni-trier.de\/pers\/hd\/m\/Mathey:German_Maglione\" target=\"_blank\" rel=\"noopener noreferrer\"><img loading=\"lazy\" decoding=\"async\" class=\"alignnone size-full wp-image-400\" src=\"http:\/\/www.i3a.uclm.es\/raap\/wp-content\/uploads\/2016\/05\/dblp.icon_.18x18.png\" alt=\"dblp.icon.18x18\" width=\"18\" height=\"18\" \/><\/a><a href=\"mailto:german.maglione@dsi.uclm.es\"><br \/>\n<\/a><\/td>\n<\/tr>\n<tr style=\"height: 6px;\">\n<td style=\"text-align: left; vertical-align: middle;\"><img loading=\"lazy\" decoding=\"async\" class=\"alignnone wp-image-193 size-full\" src=\"http:\/\/www.i3a.uclm.es\/raap\/wp-content\/uploads\/2016\/04\/Cano.png\" width=\"100\" height=\"150\" \/><\/td>\n<td style=\"text-align: left; vertical-align: middle;\">\u00a0<strong>Javier Cano<\/strong><br \/>\nPhD student<br \/>\nPhone number:\u00a0+34 967 599 200 &#8211; Ext. 2648<br \/>\nEmail:\u00a0<a href=\"mailto:javier.cano@uclm.es\">javier.cano@uclm.es<\/a><\/td>\n<\/tr>\n<tr style=\"height: 6px;\">\n<td style=\"text-align: left; vertical-align: middle;\">\u00a0<img loading=\"lazy\" decoding=\"async\" class=\"alignnone size-full wp-image-114\" src=\"http:\/\/www.i3a.uclm.es\/raap\/wp-content\/uploads\/2016\/04\/juanjose-1.png\" alt=\"Juan Jose\" width=\"100\" height=\"150\" \/><\/td>\n<td style=\"text-align: left; vertical-align: middle;\">\u00a0<strong>Juan-Jose Garcia-Castro<\/strong><br \/>\nPhD student<br \/>\nPhone number:\u00a0+34 967 599 200 &#8211; Ext. 2647<br \/>\nEmail: <a href=\"mailto:juanjose.gcrespo@uclm.es\">juanjose.gcrespo@uclm.es<\/a><\/td>\n<\/tr>\n<tr style=\"height: 6px;\">\n<td style=\"text-align: left; vertical-align: middle;\"><\/td>\n<td style=\"text-align: left; vertical-align: middle;\"><strong>Jos\u00e9 Manuel Rocher Gonz\u00e1lez<br \/>\n<\/strong>PhD student<br \/>\nPhone number: +34 967 599 200 \u2013 Ext. 2664<br \/>\nEmail:\u00a0<a href=\"mailto:Diego.Hortelano@uclm.es\">JoseManuel.Rocher@uclm.es<\/a><a href=\"http:\/\/dblp.uni-trier.de\/pers\/hd\/h\/Hortelano:Diego\" target=\"_blank\" rel=\"noopener noreferrer\"><br \/>\n<\/a>Research:\u00a0<a href=\"http:\/\/www.i3a.uclm.es\/raap\/?page_id=28\">Interconnection networks for High-Performance Parallel Systems<\/a><\/td>\n<\/tr>\n<\/tbody>\n<\/table>\n","protected":false},"excerpt":{"rendered":"<p>Interconnection networks are a key element in High-Performance Computing (HPC) Clusters and Datacenters\u00a0in the Exascale and Big-Data Era. They must offer high communication bandwidth and low latency to cope with the requirements of Applications, in order not to be the bottleneck of the entire HPC system. Actually, the path for designing the future\u00a0interconnect technology\u00a0has to face\u00a0challenges like scalability, efficiency, heterogeneity, resiliency, virtualization, cost and power consumption. The RAAP group has been carrying research in interconnection networks\u00a0for more than 15 years, achieving significant insights which have been published in relevant conferences&hellip;<\/p>\n","protected":false},"author":1,"featured_media":0,"parent":21,"menu_order":0,"comment_status":"closed","ping_status":"closed","template":"","meta":{"footnotes":""},"class_list":["post-28","page","type-page","status-publish","hentry"],"_links":{"self":[{"href":"https:\/\/www.i3a.uclm.es\/raap\/index.php?rest_route=\/wp\/v2\/pages\/28","targetHints":{"allow":["GET"]}}],"collection":[{"href":"https:\/\/www.i3a.uclm.es\/raap\/index.php?rest_route=\/wp\/v2\/pages"}],"about":[{"href":"https:\/\/www.i3a.uclm.es\/raap\/index.php?rest_route=\/wp\/v2\/types\/page"}],"author":[{"embeddable":true,"href":"https:\/\/www.i3a.uclm.es\/raap\/index.php?rest_route=\/wp\/v2\/users\/1"}],"replies":[{"embeddable":true,"href":"https:\/\/www.i3a.uclm.es\/raap\/index.php?rest_route=%2Fwp%2Fv2%2Fcomments&post=28"}],"version-history":[{"count":65,"href":"https:\/\/www.i3a.uclm.es\/raap\/index.php?rest_route=\/wp\/v2\/pages\/28\/revisions"}],"predecessor-version":[{"id":1097,"href":"https:\/\/www.i3a.uclm.es\/raap\/index.php?rest_route=\/wp\/v2\/pages\/28\/revisions\/1097"}],"up":[{"embeddable":true,"href":"https:\/\/www.i3a.uclm.es\/raap\/index.php?rest_route=\/wp\/v2\/pages\/21"}],"wp:attachment":[{"href":"https:\/\/www.i3a.uclm.es\/raap\/index.php?rest_route=%2Fwp%2Fv2%2Fmedia&parent=28"}],"curies":[{"name":"wp","href":"https:\/\/api.w.org\/{rel}","templated":true}]}}