{"id":42,"date":"2016-04-15T11:38:30","date_gmt":"2016-04-15T10:38:30","guid":{"rendered":"http:\/\/www.i3a.uclm.es\/raap\/?page_id=42"},"modified":"2024-02-21T14:09:55","modified_gmt":"2024-02-21T13:09:55","slug":"efficient-management-of-resources-in-cloud-computing-environments","status":"publish","type":"page","link":"https:\/\/www.i3a.uclm.es\/raap\/?page_id=42","title":{"rendered":"Efficient management of resources in Cloud\/Fog computing environments"},"content":{"rendered":"<p style=\"font-weight: 400;\">The explosion of end user devices connected to the Internet experienced in the last few years has motivated the necessity to move computing and storage closer to them. This fact has led to coining the paradigm of fog computing. Fog computing, and the likes such as edge or mist computing, allows for bandwidth savings and reducing latencies to\/from the cloud, and can be used as an extension of the cloud for a wide range of latency-sensitive applications. Thus, fog computing can be described as an intermediate layer between end user devices and the cloud.<\/p>\n<p style=\"font-weight: 400;\">There are different strategies to implement this layer, from integrating computing capabilities within network equipment to establish micro-datacenters close to the things, or to harness low-cost devices such as Single-Board Computers (SBC) (e.g. Raspberry Pi). In any case, there is usually limited storage and computing capabilities, especially when compared to the virtually infinite resource availability of cloud platforms. Also, different applications with different requirements will coexist. Each of these applications should be isolated from the others for security reasons but also to provide them with their required Quality of Service (QoS). Light virtualization technologies such as containers can be harnessed to this end. As a result, orchestration to track and manage the life cycle of containers becomes a key element within the fog layer. Previous work of the people involved in this research topic on resource management in Grids and Cloud environments has evolved into the current research efforts in fog environments. Strategies such as reservation in advance, predictions and estimations on system performance are harnessed to achieve the pursued goals.\u00a0 Moreover, the research team addresses the management of decentralized fog systems based on the use of blockchain technology to make the system more resilient to failures and attacks.<\/p>\n<p><span style=\"font-size: 14pt;\">Topics:<\/span><\/p>\n<div class=\"page\" style=\"text-align: left;\" title=\"Page 6\">\n<ul>\n<li class=\"page\" title=\"Page 6\">\n<p style=\"font-weight: 400;\">Orchestration of virtualized computational resources in fog architectures using blockchain technology.<\/p>\n<\/li>\n<li class=\"page\" title=\"Page 6\">\n<p style=\"font-weight: 400;\"><span lang=\"EN-US\">Efficient support for intelligence applications at the edge by integrating hardware accelerators.<\/span><\/p>\n<\/li>\n<\/ul>\n<\/div>\n<p style=\"text-align: left;\"><span style=\"font-size: 14pt;\">Relevant Publications:<\/span><\/p>\n<ul>\n<li>\n<div class=\"elementToProof\">Carlos N\u00fa\u00f1ez-G\u00f3mez; Martijn de Vos; \u00a0Jeremie Decouchant; Johan Pouwelse; Blanca Caminero; Carmen Carri\u00f3n. <strong>Light-Hidra: Scalable and Decentralized Resource Orchestration in Fog-Iot Environments. <\/strong><a href=\"https:\/\/doi.org\/10.2139%2Fssrn.4594430\">https:\/\/doi.org\/10.2139%2Fssrn.4594430<\/a><\/div>\n<\/li>\n<li>\n<div class=\"elementToProof\">Alcaide, \u00c1ngel F. and N\u00fa\u00f1ez-G\u00f3mez, Carlos and Delicado, Francisco M. and Carri\u00f3n, Carmen and Caminero, Maria Blanca.<strong> A Blockchain-Based e-Government Service for Quantity Surveyors. <\/strong>IT Professional, v.25, n.4,jul 2023 pg. 61-66 \u00a0ISSN 1941-045X. <a href=\"http:\/\/dx.doi.org\/10.1109\/MITP.2023.3268567\">http:\/\/dx.doi.org\/10.1109\/MITP.2023.3268567.<\/a><\/div>\n<\/li>\n<li>\n<div class=\"elementToProof\">Carmen Carri\u00f3n. <strong>Research streams and open challenges in the metaverse. <\/strong>The Journal of Supercomputing v.80 n.2 , jul 2023, pg.1598-1639 ISSN 1573-0484. <a href=\"http:\/\/dx.doi.org\/10.1007\/s11227-023-05544-1\">http:\/\/dx.doi.org\/10.1007\/s11227-023-05544-1.<\/a><\/div>\n<\/li>\n<li>\n<div class=\"elementToProof\">Mar\u00eda Isabel Ortiz-Lizcano, Enrique Arias-Antunez, \u00c1ngel Hern\u00e1ndez Bravo, Mar\u00eda Blanca Caminero, Tom\u00e1s Rojo Guillen, Syong Hyun Nam Cha.<strong> Increasing the security and traceability of biological samples in biobanks by blockchain technology. <\/strong>Computer Methods and Programs in Biomedicine, v 231, 2023,107379, ISSN 0169-2607. <a href=\"https:\/\/doi.org\/10.1016\/j.cmpb.2023.107379\">https:\/\/doi.org\/10.1016\/j.cmpb.2023.107379<\/a>.<\/div>\n<\/li>\n<li>\n<div class=\"elementToProof\">Carlos N\u00fa\u00f1ez-G\u00f3mez and Carmen Carri\u00f3n and Blanca Caminero and Francisco M. Delicado. <strong>S-HIDRA: A blockchain and SDN domain-based architecture to orchestrate fog computing environments. <\/strong>Computer Networks, \u00a0Feb 2023.<a href=\"https:\/\/doi.org\/10.1016%2Fj.comnet.2022.109512\"> https:\/\/doi.org\/10.1016%2Fj.comnet.2022.109512<\/a>.<\/div>\n<\/li>\n<li>\n<div class=\"elementToProof\">Carmen Carri\u00f3n. <strong>Kubernetes as a Standard Container Orchestrator &#8211; A Bibliometric Analysis. <\/strong>Journal of Grid Computing, v.20, n.4 \u00a0dec 2022, ISSN 1572-9184. <a href=\"http:\/\/dx.doi.org\/10.1007\/s10723-022-09629-8\">http:\/\/dx.doi.org\/10.1007\/s10723-022-09629-8<\/a>.<\/div>\n<\/li>\n<li>\n<div class=\"elementToProof\">Miguel S\u00e1nchez-de la Rosa and Carlos N\u00fa\u00f1es-G\u00f3mez and M. Blanca Caminero and Carmen Carri\u00f3n. <strong>Exploring the use of blockchain in resource-constrained fog computing environments. <\/strong>Software: Practice and Experience, nov 2022,. <a href=\"https:\/\/doi.org\/10.1002%2Fspe.3173\">https:\/\/doi.org\/10.1002%2Fspe.3173.<\/a><\/div>\n<\/li>\n<li>\n<div class=\"elementToProof\">Carmen Carri\u00f3n. <strong>Kubernetes Scheduling: Taxonomy, Ongoing Issues and Challenges. <\/strong>ACM Computer Survey, May 2022, ISSN 0360-0300. <a href=\"https:\/\/doi.org\/10.1145\/3539606\">https:\/\/doi.org\/10.1145\/3539606.<\/a><\/div>\n<\/li>\n<li>Carlos N\u00fa\u00f1ez-G\u00f3mez; Blanca Caminero; Carmen Carri\u00f3n. <strong>HIDRA: A Distributed Blockchain-Based Architecture for Fog\/Edge Computing Environments.<\/strong> IEEE Access. 9, pp. 75231 \u2013 75251. IEEE, 2021. doi: 10.1109\/ACCESS.2021.3082197<\/li>\n<li>\n<div class=\"elementToProof\">Giovanny Mondrag\u00f3n-Ruiz, Alonso Tenorio-Trigoso, Manuel Castillo-Cara, M. Blanca Caminero, M. Carmen Carri\u00f3n. <strong>An Experimental Study of Fog and Cloud Computing in CEP-based Real-Time IoT Applications.<\/strong>\u00a0Journal of Cloud Computing-Advances Systems and Applications. 10 \u2013 1, pp. 1 \u2013 17. Springer Open,\u00a0 jun 2021. DOI = 10.1186\/s13677-021-00245-7.<\/div>\n<\/li>\n<li>\n<div class=\"elementToProof\">Alonso Tenorio, Manuel Castillo-Cara, M. Blanca Caminero, M. Carmen Carri\u00f3n.\u00a0<strong>An Analysis of Computational Resources of Event-Driven Streaming Data Flow for Internet of Things: A case study.\u00a0<\/strong>The Computer Journal. 2021. DOI= 10.1093\/comjnl\/bxab143<\/div>\n<\/li>\n<\/ul>\n<p style=\"text-align: left;\"><span style=\"font-size: 14pt;\">Relevant Projects:<\/span><\/p>\n<ul>\n<li><strong><a href=\"http:\/\/www.i3a.uclm.es\/raap\/?page_id=723\">Techniques to improve the architecture of servers, applications and services.<br \/>\n<\/a><\/strong>We develop research on chip-multicore architecture and on-chip networks, aiming at increasing performance, reducing power consumption, increasing reliability by means of providing fault-tolerance support, increasing flexibility through virtualization techniques, and reducing silicon area.<\/li>\n<li>Enhancement of the architecture of servers, services and applications.TIN2012-38341-C04-04 (MINECO). 2013-2016.<\/li>\n<\/ul>\n<p style=\"text-align: left;\"><span style=\"font-size: 14pt;\">PhD Thesis:<\/span><\/p>\n<ul>\n<li>Julio Proa\u00f1o, \u201cProposals for Efficient Management of FPGAs within Cloud Computing Environments\u201d, May 2017.<\/li>\n<li style=\"text-align: left;\">Francisco J. Conejero, &#8220;QoS improvement within distributed environments through the use of SLAs&#8221;, October 2014.<\/li>\n<li style=\"text-align: left;\">Luis Tom\u00e1s, &#8220;Improving Quality of Service in Grids Through Meta-Scheduling in Advance&#8221;, February 2012.<\/li>\n<li style=\"text-align: left;\">Agust\u00edn C. Caminero, &#8220;Proposals for Enhancing the Provision of Quality of Service in Grids&#8221;, May 2009.<\/li>\n<\/ul>\n<p style=\"text-align: left;\"><span style=\"font-size: 14pt;\">People:<\/span><\/p>\n<table>\n<tbody>\n<tr>\n<td style=\"text-align: center; vertical-align: middle; width: 100px; height: 150px;\"><img loading=\"lazy\" decoding=\"async\" class=\"aligncenter size-full wp-image-1681\" src=\"https:\/\/www.i3a.uclm.es\/raap\/wp-content\/uploads\/2024\/02\/CCarrion.png\" alt=\"\" width=\"100\" height=\"150\" \/><\/td>\n<td style=\"height: 100%; text-align: left; vertical-align: middle;\"><strong>Carmen Carri\u00f3n, PhD<\/strong><br \/>\nAssociate<span style=\"font-size: 12pt;\"> Professor<\/span><br \/>\n<span style=\"font-size: 12pt;\">Phone number:\u00a0+34 967 592 00 &#8211; Ext. 2414<\/span><br \/>\n<span style=\"font-size: 12pt;\">Email: <a href=\"mailto:alguien.ea@uclm.es\">carmen.carrion@uclm.es<\/a>\u00a0<a href=\"http:\/\/orcid.org\/0000-0003-4289-8034\" target=\"_blank\" rel=\"noopener noreferrer\"><img loading=\"lazy\" decoding=\"async\" class=\"alignnone wp-image-393\" src=\"http:\/\/www.i3a.uclm.es\/raap\/wp-content\/uploads\/2016\/04\/iD-icon.png\" alt=\"iD icon\" width=\"16\" height=\"16\" \/><\/a>\u00a0<a href=\"http:\/\/dblp.uni-trier.de\/pers\/hd\/c\/Carri=oacute=n:Carmen\" target=\"_blank\" rel=\"noopener noreferrer\"><img loading=\"lazy\" decoding=\"async\" class=\"alignnone size-full wp-image-400\" src=\"http:\/\/www.i3a.uclm.es\/raap\/wp-content\/uploads\/2016\/05\/dblp.icon_.18x18.png\" alt=\"dblp.icon.18x18\" width=\"18\" height=\"18\" \/><\/a><br \/>\n<\/span><\/td>\n<\/tr>\n<tr style=\"height: 24px;\">\n<td style=\"text-align: center; vertical-align: middle; width: 100px; height: 150px;\"><img loading=\"lazy\" decoding=\"async\" class=\"aligncenter size-full wp-image-1671\" src=\"https:\/\/www.i3a.uclm.es\/raap\/wp-content\/uploads\/2024\/02\/MBCaminero-web.jpg\" alt=\"\" width=\"100\" height=\"150\" \/><\/td>\n<td style=\"text-align: left; vertical-align: middle; height: 100%;\"><strong>M\u00aa Blanca Caminero, PhD<\/strong><br \/>\nAssociate<span style=\"font-size: 12pt;\"> Professor<\/span><br \/>\n<span style=\"font-size: 12pt;\">Phone number:\u00a0+34 967 592 00 &#8211; Ext. 2411<\/span><br \/>\n<span style=\"font-size: 12pt;\">Email: <a href=\"mailto:alguien.ea@uclm.es\">mariablanca.caminero@uclm.es<\/a>\u00a0<a href=\"http:\/\/orcid.org\/0000-0003-3312-7393\" target=\"_blank\" rel=\"noopener noreferrer\"><img loading=\"lazy\" decoding=\"async\" class=\"alignnone wp-image-393\" src=\"http:\/\/www.i3a.uclm.es\/raap\/wp-content\/uploads\/2016\/04\/iD-icon.png\" alt=\"iD icon\" width=\"16\" height=\"16\" \/><\/a>\u00a0<a href=\"http:\/\/dblp.uni-trier.de\/pers\/hd\/c\/Caminero:Blanca\" target=\"_blank\" rel=\"noopener noreferrer\"><img loading=\"lazy\" decoding=\"async\" class=\"alignnone size-full wp-image-400\" src=\"http:\/\/www.i3a.uclm.es\/raap\/wp-content\/uploads\/2016\/05\/dblp.icon_.18x18.png\" alt=\"dblp.icon.18x18\" width=\"18\" height=\"18\" \/><\/a><br \/>\nPersonal web: <a href=\"http:\/\/blog.uclm.es\/mariablancacaminero\/\">blog.uclm.es\/mariablancacaminero<\/a><\/span><\/td>\n<\/tr>\n<tr style=\"height: 24px;\">\n<td style=\"text-align: center; vertical-align: middle; width: 100px; height: 150px;\"><img loading=\"lazy\" decoding=\"async\" class=\"alignnone size-full wp-image-1345\" src=\"https:\/\/www.i3a.uclm.es\/raap\/wp-content\/uploads\/2020\/11\/Carlos.jpeg\" alt=\"\" width=\"100\" height=\"150\" \/><\/td>\n<td style=\"text-align: left; vertical-align: middle; height: 100%;\"><strong>Carlos N\u00fa\u00f1ez G\u00f3mez<br \/>\n<\/strong>PhD student<br \/>\nEmail: <a href=\"mailto:Carlos.Nunez@uclm.es\">Carlos.Nunez@uclm.es<\/a><a href=\"https:\/\/orcid.org\/0000-0002-7899-1321\" target=\"_blank\" rel=\"noopener noreferrer\"><img loading=\"lazy\" decoding=\"async\" class=\"alignnone wp-image-393 size-full\" src=\"https:\/\/www.i3a.uclm.es\/raap\/wp-content\/uploads\/2016\/04\/iD-icon.png\" alt=\"\" width=\"16\" height=\"16\" \/><\/a><br \/>\nResearch: Blockchain technologies in Fog Computing environments<\/td>\n<\/tr>\n<tr>\n<td style=\"text-align: center; vertical-align: middle; width: 100px; height: 150px;\"><img loading=\"lazy\" decoding=\"async\" class=\"aligncenter size-full wp-image-1668\" src=\"https:\/\/www.i3a.uclm.es\/raap\/wp-content\/uploads\/2024\/02\/image.png\" alt=\"\" width=\"100\" height=\"150\" \/><\/td>\n<td style=\"text-align: left; vertical-align: middle; height: 100%;\"><strong><b>V\u00edctor Hidalgo Izquierdo<br \/>\n<\/b><\/strong>MC student<br \/>\nEmail: <a href=\"mailto:Victor.Hidalgo3@alu.uclm.es\">Victor.Hidalgo3@alu.uclm.es<\/a><br \/>\nResearch: <a href=\"https:\/\/www.i3a.uclm.es\/raap\/?page_id=42\">Efficient management of resources in Cloud\/Fog computing environments<\/a><\/td>\n<\/tr>\n<\/tbody>\n<\/table>\n<p>&nbsp;<\/p>\n","protected":false},"excerpt":{"rendered":"<p>The explosion of end user devices connected to the Internet experienced in the last few years has motivated the necessity to move computing and storage closer to them. This fact has led to coining the paradigm of fog computing. Fog computing, and the likes such as edge or mist computing, allows for bandwidth savings and reducing latencies to\/from the cloud, and can be used as an extension of the cloud for a wide range of latency-sensitive applications. Thus, fog computing can be described as an intermediate layer between end user&hellip;<\/p>\n","protected":false},"author":1,"featured_media":0,"parent":21,"menu_order":0,"comment_status":"closed","ping_status":"closed","template":"","meta":{"footnotes":""},"class_list":["post-42","page","type-page","status-publish","hentry"],"_links":{"self":[{"href":"https:\/\/www.i3a.uclm.es\/raap\/index.php?rest_route=\/wp\/v2\/pages\/42","targetHints":{"allow":["GET"]}}],"collection":[{"href":"https:\/\/www.i3a.uclm.es\/raap\/index.php?rest_route=\/wp\/v2\/pages"}],"about":[{"href":"https:\/\/www.i3a.uclm.es\/raap\/index.php?rest_route=\/wp\/v2\/types\/page"}],"author":[{"embeddable":true,"href":"https:\/\/www.i3a.uclm.es\/raap\/index.php?rest_route=\/wp\/v2\/users\/1"}],"replies":[{"embeddable":true,"href":"https:\/\/www.i3a.uclm.es\/raap\/index.php?rest_route=%2Fwp%2Fv2%2Fcomments&post=42"}],"version-history":[{"count":26,"href":"https:\/\/www.i3a.uclm.es\/raap\/index.php?rest_route=\/wp\/v2\/pages\/42\/revisions"}],"predecessor-version":[{"id":1691,"href":"https:\/\/www.i3a.uclm.es\/raap\/index.php?rest_route=\/wp\/v2\/pages\/42\/revisions\/1691"}],"up":[{"embeddable":true,"href":"https:\/\/www.i3a.uclm.es\/raap\/index.php?rest_route=\/wp\/v2\/pages\/21"}],"wp:attachment":[{"href":"https:\/\/www.i3a.uclm.es\/raap\/index.php?rest_route=%2Fwp%2Fv2%2Fmedia&parent=42"}],"curies":[{"name":"wp","href":"https:\/\/api.w.org\/{rel}","templated":true}]}}