{"id":757,"date":"2017-05-02T12:59:34","date_gmt":"2017-05-02T11:59:34","guid":{"rendered":"http:\/\/www.i3a.uclm.es\/raap\/?page_id=757"},"modified":"2017-05-02T12:59:55","modified_gmt":"2017-05-02T11:59:55","slug":"capap-h","status":"publish","type":"page","link":"https:\/\/www.i3a.uclm.es\/raap\/?page_id=757","title":{"rendered":"CAPAP-H"},"content":{"rendered":"<p><a href=\"http:\/\/capap-h.org\" target=\"_blank\" rel=\"noopener noreferrer\"><img loading=\"lazy\" decoding=\"async\" class=\" wp-image-758 aligncenter\" src=\"http:\/\/www.i3a.uclm.es\/raap\/wp-content\/uploads\/2017\/05\/CAPAP-H.png\" alt=\"\" width=\"386\" height=\"83\" srcset=\"https:\/\/www.i3a.uclm.es\/raap\/wp-content\/uploads\/2017\/05\/CAPAP-H.png 460w, https:\/\/www.i3a.uclm.es\/raap\/wp-content\/uploads\/2017\/05\/CAPAP-H-300x65.png 300w\" sizes=\"auto, (max-width: 386px) 100vw, 386px\" \/><\/a><\/p>\n<p>&nbsp;<\/p>\n<p>En diversas \u00e1reas de ciencia e ingenier\u00eda es necesario resolver problemas de alto coste computacional. Con este fin, los investigadores emplean sistemas paralelos que, cada vez m\u00e1s, presentan una estructura heterog\u00e9nea y\/o jerarquizada, y que resultan dif\u00edciles de programar y usar eficientemente. Ejemplos de estos sistemas son las redes de computadores heterog\u00e9neos y los procesadores multin\u00facleo (multicore).<\/p>\n<p>Los grupos participantes en esta red abordan en sus l\u00edneas de trabajo los problemas que plantean estas plataformas. La red persigue facilitar el intercambio y transferencia de conocimientos entre los grupos, fomentar la cooperaci\u00f3n, y articular los esfuerzos para consolidar su reconocimiento internacional en el \u00e1mbito de la <a href=\"http:\/\/capap-h.org\" target=\"_blank\" rel=\"noopener noreferrer\">CAPAP-H<\/a>.<\/p>\n","protected":false},"excerpt":{"rendered":"<p>&nbsp; En diversas \u00e1reas de ciencia e ingenier\u00eda es necesario resolver problemas de alto coste computacional. Con este fin, los investigadores emplean sistemas paralelos que, cada vez m\u00e1s, presentan una estructura heterog\u00e9nea y\/o jerarquizada, y que resultan dif\u00edciles de programar y usar eficientemente. Ejemplos de estos sistemas son las redes de computadores heterog\u00e9neos y los procesadores multin\u00facleo (multicore). Los grupos participantes en esta red abordan en sus l\u00edneas de trabajo los problemas que plantean estas plataformas. La red persigue facilitar el intercambio y transferencia de conocimientos entre los grupos, fomentar&hellip;<\/p>\n","protected":false},"author":1,"featured_media":0,"parent":0,"menu_order":0,"comment_status":"closed","ping_status":"closed","template":"","meta":{"footnotes":""},"class_list":["post-757","page","type-page","status-publish","hentry"],"_links":{"self":[{"href":"https:\/\/www.i3a.uclm.es\/raap\/index.php?rest_route=\/wp\/v2\/pages\/757","targetHints":{"allow":["GET"]}}],"collection":[{"href":"https:\/\/www.i3a.uclm.es\/raap\/index.php?rest_route=\/wp\/v2\/pages"}],"about":[{"href":"https:\/\/www.i3a.uclm.es\/raap\/index.php?rest_route=\/wp\/v2\/types\/page"}],"author":[{"embeddable":true,"href":"https:\/\/www.i3a.uclm.es\/raap\/index.php?rest_route=\/wp\/v2\/users\/1"}],"replies":[{"embeddable":true,"href":"https:\/\/www.i3a.uclm.es\/raap\/index.php?rest_route=%2Fwp%2Fv2%2Fcomments&post=757"}],"version-history":[{"count":2,"href":"https:\/\/www.i3a.uclm.es\/raap\/index.php?rest_route=\/wp\/v2\/pages\/757\/revisions"}],"predecessor-version":[{"id":760,"href":"https:\/\/www.i3a.uclm.es\/raap\/index.php?rest_route=\/wp\/v2\/pages\/757\/revisions\/760"}],"wp:attachment":[{"href":"https:\/\/www.i3a.uclm.es\/raap\/index.php?rest_route=%2Fwp%2Fv2%2Fmedia&parent=757"}],"curies":[{"name":"wp","href":"https:\/\/api.w.org\/{rel}","templated":true}]}}