{"id":945,"date":"2019-03-04T13:50:11","date_gmt":"2019-03-04T12:50:11","guid":{"rendered":"http:\/\/www.i3a.uclm.es\/raap\/?page_id=945"},"modified":"2021-10-27T08:09:13","modified_gmt":"2021-10-27T07:09:13","slug":"improvements-in-aircraft-final-approach-procedures","status":"publish","type":"page","link":"https:\/\/www.i3a.uclm.es\/raap\/?page_id=945","title":{"rendered":"Improvements in Aircraft Final Approach Procedures"},"content":{"rendered":"<div><span lang=\"EN-GB\">The main aim of this research is to develop different avionics navigation systems that will allow the aircrafts performing approach and landing maneuvers to do it in a more efficient way. These systems will be supported by state-of-the-art navigation technologies, such as avian radars, GBAS, and ADS-B, and by the new context provided by Performance-Based Navigation (PBN). Our developments can be employed to avoid bird strikes, to efficiently handle aircraft traffic flows or to improve the usual missed approach procedure.<\/span><\/div>\r\n&nbsp;\r\n<p style=\"text-align: left;\"><span style=\"color: #000000;\"><img loading=\"lazy\" decoding=\"async\" class=\"alignright wp-image-946\" src=\"http:\/\/www.i3a.uclm.es\/raap\/wp-content\/uploads\/2019\/03\/scn1_3D_new-1-1024x682.png\" alt=\"\" width=\"430\" height=\"286\" srcset=\"https:\/\/www.i3a.uclm.es\/raap\/wp-content\/uploads\/2019\/03\/scn1_3D_new-1-1024x682.png 1024w, https:\/\/www.i3a.uclm.es\/raap\/wp-content\/uploads\/2019\/03\/scn1_3D_new-1-300x200.png 300w, https:\/\/www.i3a.uclm.es\/raap\/wp-content\/uploads\/2019\/03\/scn1_3D_new-1-768x511.png 768w\" sizes=\"auto, (max-width: 430px) 100vw, 430px\" \/><\/span><\/p>\r\nTo achieve this last goal, we propose adaptive approximation mechanisms based on dynamic paths, which will be applied to the case of a new type of missed approach with aircraft reinjection in the landing flow. This new type of missed approach will also be adaptable to the Point Merge System, a method for sequencing arrival flows that supports continuous descent operations.\r\n<p style=\"text-align: left;\"><img loading=\"lazy\" decoding=\"async\" class=\"alignright\" src=\"http:\/\/www.i3a.uclm.es\/raap\/wp-content\/uploads\/2019\/03\/Malaga.png\" alt=\"\" width=\"471\" height=\"361\" \/><\/p>\r\n<img loading=\"lazy\" decoding=\"async\" class=\"alignright wp-image-1388\" src=\"https:\/\/www.i3a.uclm.es\/raap\/wp-content\/uploads\/2021\/10\/image3.png\" alt=\"\" width=\"430\" height=\"430\" srcset=\"https:\/\/www.i3a.uclm.es\/raap\/wp-content\/uploads\/2021\/10\/image3.png 700w, https:\/\/www.i3a.uclm.es\/raap\/wp-content\/uploads\/2021\/10\/image3-300x300.png 300w, https:\/\/www.i3a.uclm.es\/raap\/wp-content\/uploads\/2021\/10\/image3-150x150.png 150w, https:\/\/www.i3a.uclm.es\/raap\/wp-content\/uploads\/2021\/10\/image3-100x100.png 100w, https:\/\/www.i3a.uclm.es\/raap\/wp-content\/uploads\/2021\/10\/image3-200x200.png 200w, https:\/\/www.i3a.uclm.es\/raap\/wp-content\/uploads\/2021\/10\/image3-450x450.png 450w, https:\/\/www.i3a.uclm.es\/raap\/wp-content\/uploads\/2021\/10\/image3-600x600.png 600w\" sizes=\"auto, (max-width: 430px) 100vw, 430px\" \/>\r\n\r\nAs an alternative implementation for these systems, we considered employing deep learning techniques, based on neural networks. Once trained, the neural network should be able to provide the aircrafts\u00a0with the paths to follow, replacing in this way the ATC (air traffic controller) function.\r\n\r\nWith respect our framework, we employ the Matlab\/Simulink software for modeling and simulating the airspace and the final approach procedure. This work environment allows us to design and to test our developments.\r\n\r\n<span style=\"font-size: 14pt;\">Topics:<\/span>\r\n<ul>\r\n \t<li>Air navigation systems<\/li>\r\n \t<li>Performance-Based Navigation<\/li>\r\n \t<li>Air Traffic Management (ATM)<\/li>\r\n \t<li>Risk management<\/li>\r\n \t<li>Deep learning and neural networks<\/li>\r\n<\/ul>\r\n&nbsp;\r\n\r\n<span style=\"font-size: 14pt;\">Relevant Publications:<\/span>\r\n<ul>\r\n \t<li>Manuel Lopez-Lago, Rafael Casado, Aurelio Bermudez, Jose Serna\r\n<strong>A predictive model for risk assessment on imminent bird strikes on airport areas<\/strong>\r\nAerospace Science and Technology, Volume 62, March 2017\u00a0DOI: 10.1016\/j.ast.2016.11.020<\/li>\r\n \t<li>Manuel L\u00f3pez-Lago, Jos\u00e9 Serna, Rafael Casado\u00a0<em>et al.\r\n<\/em><strong>Present and Future of Air Navigation: PBN Operations and Supporting Technologies<\/strong>.\r\nInternational Journal of Aeronautical and Space Sciences. 2020;<strong>\u00a0<\/strong>21,<strong>\u00a0<\/strong>451\u2013468; <a href=\"https:\/\/doi.org\/10.1007\/s42405-019-00216-y\">https:\/\/doi.org\/10.1007\/s42405-019-00216-y<\/a><\/li>\r\n \t<li>Guillermo Tom\u00e1s Fern\u00e1ndez, Pablo Olivas, Aurelio Berm\u00fadez, Rafael Casado\r\n<strong>Uso de Redes Neuronales en Procedimientos de Aproximaci\u00f3n Final de Aeronaves\r\n<\/strong>\u201cAvances en arquitectura y tecnolog\u00eda de computadores. Actas de las Jornadas SARTECO 2019\u201d; ISBN: 978-84-09-12127-4<\/li>\r\n \t<li>Pablo Olivas, Guillermo Tom\u00e1s Fern\u00e1ndez, Rafael Casado, Aurelio Berm\u00fadez\r\n<strong>Detecci\u00f3n de Colisiones entre Aeronaves mediante Redes Neuronales&lt;\r\n<\/strong>\u201cAvances en arquitectura y tecnolog\u00eda de computadores. Actas de las Jornadas SARTECO 2019\u201d; ISBN: 978-84-09-12127-4<\/li>\r\n \t<li>Rafael Casado, Aurelio Berm\u00fadez\r\n<strong>Neural Network-Based Aircraft Conflict Prediction in Final Approach Maneuvers\r\n<\/strong>Electronics. 2020; 9(10), 1708; <a href=\"https:\/\/doi.org\/10.3390\/electronics9101708\">https:\/\/doi.org\/10.3390\/electronics9101708<\/a><\/li>\r\n \t<li>Rafael Casado, Manuel L\u00f3pez-Lago, Jos\u00e9 Serna, Aurelio Berm\u00fadez\r\n<strong>Enhanced Missed Approach Procedure based on Aircraft Reinjection\r\n<\/strong>IEEE Transactions on Aerospace and Electronic Systems. 2021; \u00a0<a href=\"https:\/\/doi.org\/10.1109\/TAES.2021.3082666\">https:\/\/doi.org\/10.1109\/TAES.2021.3082666<\/a><\/li>\r\n<\/ul>\r\n<p style=\"text-align: left;\"><span style=\"font-size: 14pt;\">People:<\/span><\/p>\r\n\r\n<table>\r\n<tbody>\r\n<tr style=\"height: 24px;\">\r\n<td style=\"width: 110px; text-align: left; vertical-align: top;\"><img loading=\"lazy\" decoding=\"async\" class=\"alignnone size-full wp-image-249\" src=\"http:\/\/www.i3a.uclm.es\/raap\/wp-content\/uploads\/2016\/04\/rcasado.jpg\" alt=\"Rafael Casado\" width=\"100\" height=\"150\" \/><\/td>\r\n<td style=\"text-align: left; vertical-align: middle; width: 479px;\"><strong>Rafael Casado, PhD\r\n<\/strong>Associate Professor\r\nPhone number: +34 967 599200 &#8211; Ext. 2279\r\nEmail: <a href=\"mailto:rafael.casado@uclm.es\">rafael.casado@uclm.es<\/a>\u00a0<a href=\"http:\/\/orcid.org\/0000-0002-5170-5743\" target=\"_blank\" rel=\"noopener noreferrer\"><img loading=\"lazy\" decoding=\"async\" class=\"alignnone wp-image-393\" src=\"http:\/\/www.i3a.uclm.es\/raap\/wp-content\/uploads\/2016\/04\/iD-icon.png\" alt=\"iD icon\" width=\"16\" height=\"16\" \/><\/a>\u00a0<a href=\"http:\/\/dblp.uni-trier.de\/pers\/hd\/c\/Casado:Rafael\" target=\"_blank\" rel=\"noopener noreferrer\"><img loading=\"lazy\" decoding=\"async\" class=\"alignnone size-full wp-image-400\" src=\"http:\/\/www.i3a.uclm.es\/raap\/wp-content\/uploads\/2016\/05\/dblp.icon_.18x18.png\" alt=\"dblp.icon.18x18\" width=\"18\" height=\"18\" \/><\/a><strong>\r\n<\/strong><\/td>\r\n<\/tr>\r\n<tr style=\"height: 24px;\">\r\n<td style=\"width: 110px; text-align: left; vertical-align: top;\"><img loading=\"lazy\" decoding=\"async\" class=\"alignnone size-full wp-image-194\" src=\"http:\/\/www.i3a.uclm.es\/raap\/wp-content\/uploads\/2016\/04\/abermu.jpg\" alt=\"abermu\" width=\"100\" height=\"150\" \/><\/td>\r\n<td style=\"text-align: left; vertical-align: middle; width: 479px;\"><strong>Aurelio Berm\u00fadez, PhD<\/strong>\r\nAssociate Professor\r\nPhone number: +34 967 599 200 &#8211; Ext. 2551\r\nEmail: <a href=\"mailto:aurelio.bermudez@uclm.es\">aurelio.bermudez@uclm.es<\/a>\u00a0<a href=\"http:\/\/orcid.org\/0000-0002-3313-4078\" target=\"_blank\" rel=\"noopener noreferrer\"><img loading=\"lazy\" decoding=\"async\" class=\"alignnone wp-image-393\" src=\"http:\/\/www.i3a.uclm.es\/raap\/wp-content\/uploads\/2016\/04\/iD-icon.png\" alt=\"iD icon\" width=\"16\" height=\"16\" \/><\/a>\u00a0<a href=\"http:\/\/dblp.uni-trier.de\/pers\/hd\/b\/Berm=uacute=dez:Aurelio\" target=\"_blank\" rel=\"noopener noreferrer\"><img loading=\"lazy\" decoding=\"async\" class=\"alignnone size-full wp-image-400\" src=\"http:\/\/www.i3a.uclm.es\/raap\/wp-content\/uploads\/2016\/05\/dblp.icon_.18x18.png\" alt=\"dblp.icon.18x18\" width=\"18\" height=\"18\" \/><\/a><\/td>\r\n<\/tr>\r\n<tr>\r\n<td style=\"width: 110px; text-align: left; vertical-align: top;\"><img loading=\"lazy\" decoding=\"async\" class=\"alignnone size-thumbnail wp-image-1389\" src=\"https:\/\/www.i3a.uclm.es\/raap\/wp-content\/uploads\/2021\/10\/image4-150x150.jpeg\" alt=\"\" width=\"150\" height=\"150\" \/><\/td>\r\n<td style=\"text-align: left; vertical-align: middle; width: 479px;\"><strong>Mar\u00eda Carmona\r\n<\/strong><span lang=\"EN-GB\">Student and I+D\r\n<\/span>Email: <a href=\"mailto:Maria.Carmona@uclm.es\">Maria.Carmona@uclm.es<\/a><\/td>\r\n<\/tr>\r\n<\/tbody>\r\n<\/table>\r\n<figure class=\"wp-block-image\"><img decoding=\"async\" src=\"blob:https:\/\/www.i3a.uclm.es\/6e0bf600-9018-4f58-aa9f-790b07079a7d\" alt=\"\" \/><\/figure>\r\n<!-- \/wp:post-content -->","protected":false},"excerpt":{"rendered":"<p>The main aim of this research is to develop different avionics navigation systems that will allow the aircrafts performing approach and landing maneuvers to do it in a more efficient way. These systems will be supported by state-of-the-art navigation technologies, such as avian radars, GBAS, and ADS-B, and by the new context provided by Performance-Based Navigation (PBN). Our developments can be employed to avoid bird strikes, to efficiently handle aircraft traffic flows or to improve the usual missed approach procedure. &nbsp; To achieve this last goal, we propose adaptive approximation&hellip;<\/p>\n","protected":false},"author":3,"featured_media":0,"parent":25,"menu_order":0,"comment_status":"closed","ping_status":"closed","template":"","meta":{"footnotes":""},"class_list":["post-945","page","type-page","status-publish","hentry"],"_links":{"self":[{"href":"https:\/\/www.i3a.uclm.es\/raap\/index.php?rest_route=\/wp\/v2\/pages\/945","targetHints":{"allow":["GET"]}}],"collection":[{"href":"https:\/\/www.i3a.uclm.es\/raap\/index.php?rest_route=\/wp\/v2\/pages"}],"about":[{"href":"https:\/\/www.i3a.uclm.es\/raap\/index.php?rest_route=\/wp\/v2\/types\/page"}],"author":[{"embeddable":true,"href":"https:\/\/www.i3a.uclm.es\/raap\/index.php?rest_route=\/wp\/v2\/users\/3"}],"replies":[{"embeddable":true,"href":"https:\/\/www.i3a.uclm.es\/raap\/index.php?rest_route=%2Fwp%2Fv2%2Fcomments&post=945"}],"version-history":[{"count":20,"href":"https:\/\/www.i3a.uclm.es\/raap\/index.php?rest_route=\/wp\/v2\/pages\/945\/revisions"}],"predecessor-version":[{"id":1414,"href":"https:\/\/www.i3a.uclm.es\/raap\/index.php?rest_route=\/wp\/v2\/pages\/945\/revisions\/1414"}],"up":[{"embeddable":true,"href":"https:\/\/www.i3a.uclm.es\/raap\/index.php?rest_route=\/wp\/v2\/pages\/25"}],"wp:attachment":[{"href":"https:\/\/www.i3a.uclm.es\/raap\/index.php?rest_route=%2Fwp%2Fv2%2Fmedia&parent=945"}],"curies":[{"name":"wp","href":"https:\/\/api.w.org\/{rel}","templated":true}]}}